{"id":22836,"date":"2022-11-07T13:20:22","date_gmt":"2022-11-07T12:20:22","guid":{"rendered":"https:\/\/ciriecstat.com\/?page_id=22836"},"modified":"2024-06-26T15:35:38","modified_gmt":"2024-06-26T13:35:38","slug":"carmen-comos-tovar","status":"publish","type":"page","link":"http:\/\/ciriecstat.com\/en\/proyecto\/equipo-humano\/carmen-comos-tovar\/","title":{"rendered":"Carmen Comos Tovar"},"content":{"rendered":"<p><img decoding=\"async\" class=\"equipo-single\" src=\"https:\/\/ciriecstat.com\/wp-content\/uploads\/equipo_c-comos.jpg\" alt=\"Carmen Comos Tovar\" \/><strong>FORMACI\u00d3N M\u00c1S DESTACADA<\/strong><br \/>\n\u2022 Licenciada en Derecho por la Universidad Aut\u00f3noma de Madrid (1989)<br \/>\n\u2022 M\u00e1ster in Business Administration (MBA) por la Universitas Nebrissensis de Madrid (1190-1991)<br \/>\n\u2022 Diplomada en Estrategia y Liderazgo Social por el IESE Business School de la Universidad de Navarra, (2015)<\/p>\n<p><strong>EXPERIENCIA PROFESIONAL<\/strong><br \/>\nLos comienzos de la actividad profesional fueron como consultor en International Full Services, empresa especializada en el montaje y creaci\u00f3n de cadenas de franquicia y en el asesoramiento empresarial para este tipo de negocio. Compatibilic\u00e9 este trabajo con la impartici\u00f3n de formaci\u00f3n de marketing en diferentes Centros de Formaci\u00f3n.<\/p>\n<p>En el sector empresarial de la Econom\u00eda Social cuenta con una dilatada experiencia gracias a los m\u00e1s de 26 a\u00f1os de experiencia laboral en la Confederaci\u00f3n Empresarial Espa\u00f1ola de la Econom\u00eda Social (CEPES). En 1998 se incorpor\u00f3 a CEPES para gestionar el departamento de Formaci\u00f3n, para pasar despu\u00e9s al departamento de Gesti\u00f3n de Proyectos financiados por Fondos Europeos.<\/p>\n<p>Desde hace 20 a\u00f1os ostenta el cargo de directora de la Confederaci\u00f3n que actualmente a trav\u00e9s de sus 29 socios miembros representa los intereses de m\u00e1s de 43.000 empresas de Econom\u00eda Social, 2.1 millones de empleos y una facturaci\u00f3n del 10% del PIB espa\u00f1ol.<\/p>\n<p>En representaci\u00f3n de CEPES forma parte como titular del Comit\u00e9 de Seguimiento del Programa Operativo del Empleo Juvenil y del Comit\u00e9 de Seguimiento del Programa Operativo de Inclusi\u00f3n Social y Econom\u00eda Social del FSE 2014-2020. Como Suplente forma parte del Consejo de Fomento de Econom\u00eda Social y del Consejo Estatal de la Responsabilidad Social Empresarial, ambos adscritos al Ministerio de Empleo y Seguridad Social y del Consejo Estatal de la PYME y del Emprendimiento adscrito al Ministerio de Industria.<\/p>\n<p>Tambi\u00e9n es miembro del Consejo Asesor de la Asociaci\u00f3n Espa\u00f1ola de Fundaciones y del Consejo Asesor de la Plataforma del Tercer Sector<\/p>\n<p>Es autora de numerosos art\u00edculos y ponencias relacionadas con el sector empresarial de la Econom\u00eda Social tanto en el \u00e1mbito Estatal como Internacional.<\/p>\n<p style=\"font-weight: 400;\"><strong>Perfil Linkedin<\/strong>: <a href=\"https:\/\/es.linkedin.com\/in\/carmen-comos-tovar-77037b41\">https:\/\/es.linkedin.com\/in\/carmen-comos-tovar-77037b41<\/a><\/p>","protected":false},"excerpt":{"rendered":"<p>FORMACI\u00d3N M\u00c1S DESTACADA \u2022 Licenciada en Derecho por la Universidad Aut\u00f3noma de Madrid (1989) \u2022 M\u00e1ster in Business Administration (MBA) por la Universitas Nebrissensis de Madrid (1190-1991) \u2022 Diplomada en Estrategia y Liderazgo Social por el IESE Business School de la Universidad de Navarra, (2015) EXPERIENCIA PROFESIONAL Los comienzos de la actividad profesional fueron como<\/p>","protected":false},"author":4,"featured_media":0,"parent":222,"menu_order":0,"comment_status":"closed","ping_status":"closed","template":"","meta":{"_acf_changed":false,"_monsterinsights_skip_tracking":false,"_monsterinsights_sitenote_active":false,"_monsterinsights_sitenote_note":"","_monsterinsights_sitenote_category":0,"site-sidebar-layout":"default","site-content-layout":"default","ast-site-content-layout":"default","site-content-style":"default","site-sidebar-style":"default","ast-global-header-display":"","ast-banner-title-visibility":"","ast-main-header-display":"","ast-hfb-above-header-display":"","ast-hfb-below-header-display":"","ast-hfb-mobile-header-display":"","site-post-title":"","ast-breadcrumbs-content":"","ast-featured-img":"","footer-sml-layout":"","ast-disable-related-posts":"","theme-transparent-header-meta":"default","adv-header-id-meta":"","stick-header-meta":"","header-above-stick-meta":"","header-main-stick-meta":"","header-below-stick-meta":"","astra-migrate-meta-layouts":"set","ast-page-background-enabled":"default","ast-page-background-meta":{"desktop":{"background-color":"var(--ast-global-color-4)","background-image":"","background-repeat":"repeat","background-position":"center center","background-size":"auto","background-attachment":"scroll","background-type":"","background-media":"","overlay-type":"","overlay-color":"","overlay-opacity":"","overlay-gradient":""},"tablet":{"background-color":"","background-image":"","background-repeat":"repeat","background-position":"center center","background-size":"auto","background-attachment":"scroll","background-type":"","background-media":"","overlay-type":"","overlay-color":"","overlay-opacity":"","overlay-gradient":""},"mobile":{"background-color":"","background-image":"","background-repeat":"repeat","background-position":"center center","background-size":"auto","background-attachment":"scroll","background-type":"","background-media":"","overlay-type":"","overlay-color":"","overlay-opacity":"","overlay-gradient":""}},"ast-content-background-meta":{"desktop":{"background-color":"var(--ast-global-color-5)","background-image":"","background-repeat":"repeat","background-position":"center center","background-size":"auto","background-attachment":"scroll","background-type":"","background-media":"","overlay-type":"","overlay-color":"","overlay-opacity":"","overlay-gradient":""},"tablet":{"background-color":"var(--ast-global-color-5)","background-image":"","background-repeat":"repeat","background-position":"center center","background-size":"auto","background-attachment":"scroll","background-type":"","background-media":"","overlay-type":"","overlay-color":"","overlay-opacity":"","overlay-gradient":""},"mobile":{"background-color":"var(--ast-global-color-5)","background-image":"","background-repeat":"repeat","background-position":"center center","background-size":"auto","background-attachment":"scroll","background-type":"","background-media":"","overlay-type":"","overlay-color":"","overlay-opacity":"","overlay-gradient":""}},"footnotes":""},"class_list":["post-22836","page","type-page","status-publish","hentry"],"acf":[],"_links":{"self":[{"href":"http:\/\/ciriecstat.com\/en\/wp-json\/wp\/v2\/pages\/22836","targetHints":{"allow":["GET"]}}],"collection":[{"href":"http:\/\/ciriecstat.com\/en\/wp-json\/wp\/v2\/pages"}],"about":[{"href":"http:\/\/ciriecstat.com\/en\/wp-json\/wp\/v2\/types\/page"}],"author":[{"embeddable":true,"href":"http:\/\/ciriecstat.com\/en\/wp-json\/wp\/v2\/users\/4"}],"replies":[{"embeddable":true,"href":"http:\/\/ciriecstat.com\/en\/wp-json\/wp\/v2\/comments?post=22836"}],"version-history":[{"count":1,"href":"http:\/\/ciriecstat.com\/en\/wp-json\/wp\/v2\/pages\/22836\/revisions"}],"predecessor-version":[{"id":22837,"href":"http:\/\/ciriecstat.com\/en\/wp-json\/wp\/v2\/pages\/22836\/revisions\/22837"}],"up":[{"embeddable":true,"href":"http:\/\/ciriecstat.com\/en\/wp-json\/wp\/v2\/pages\/222"}],"wp:attachment":[{"href":"http:\/\/ciriecstat.com\/en\/wp-json\/wp\/v2\/media?parent=22836"}],"curies":[{"name":"wp","href":"https:\/\/api.w.org\/{rel}","templated":true}]}}