{"id":22856,"date":"2022-10-27T13:15:14","date_gmt":"2022-10-27T11:15:14","guid":{"rendered":"https:\/\/ciriecstat.com\/?page_id=22856"},"modified":"2024-06-26T15:35:39","modified_gmt":"2024-06-26T13:35:39","slug":"jon-morandeira","status":"publish","type":"page","link":"http:\/\/ciriecstat.com\/en\/proyecto\/equipo-humano\/jon-morandeira\/","title":{"rendered":"Jon Morandeira"},"content":{"rendered":"<p><img decoding=\"async\" class=\"equipo-single\" src=\"https:\/\/ciriecstat.com\/wp-content\/uploads\/equipo_j-morandeira.jpg\" alt=\"Jon Morandeira\" \/><strong>Jon Morandeira<\/strong> es Doctor en Estudios de Desarrollo y profesor agregado del Departamento de Econom\u00eda Financiera II (Econom\u00eda de la Empresa y Comercializaci\u00f3n) en la Secci\u00f3n de Gipuzkoa de la Facultad de Econom\u00eda y Empresa de la Universidad del Pa\u00eds Vasco \u2013 UPV\/EHU. Miembro del Instituto de Derecho Cooperativo y Econom\u00eda Social, GEZKI de la Universidad del Pa\u00eds Vasco &#8211; UPV\/EHU y del grupo de investigaci\u00f3n IT1711-22 \u00abEconom\u00eda Social y su Derecho\u00bb del Sistema Universitario Vasco 2022-2025. Coordinador, investigador principal, en el Observatorio Vasco de Econom\u00eda Social \u2013 OVES\/GEEB desde 2018 hasta 2022, y en la actualidad investigador colaborador del mismo. Sus l\u00edneas de investigaci\u00f3n principales son la identificaci\u00f3n y cuantificaci\u00f3n de la econom\u00eda social, las pol\u00edticas p\u00fablicas de fomento de la econom\u00eda social y el emprendimiento social.<\/p>","protected":false},"excerpt":{"rendered":"<p>Jon Morandeira es Doctor en Estudios de Desarrollo y profesor agregado del Departamento de Econom\u00eda Financiera II (Econom\u00eda de la Empresa y Comercializaci\u00f3n) en la Secci\u00f3n de Gipuzkoa de la Facultad de Econom\u00eda y Empresa de la Universidad del Pa\u00eds Vasco \u2013 UPV\/EHU. Miembro del Instituto de Derecho Cooperativo y Econom\u00eda Social, GEZKI de la<\/p>","protected":false},"author":4,"featured_media":0,"parent":222,"menu_order":0,"comment_status":"closed","ping_status":"closed","template":"","meta":{"_acf_changed":false,"_monsterinsights_skip_tracking":false,"_monsterinsights_sitenote_active":false,"_monsterinsights_sitenote_note":"","_monsterinsights_sitenote_category":0,"site-sidebar-layout":"default","site-content-layout":"default","ast-site-content-layout":"default","site-content-style":"default","site-sidebar-style":"default","ast-global-header-display":"","ast-banner-title-visibility":"","ast-main-header-display":"","ast-hfb-above-header-display":"","ast-hfb-below-header-display":"","ast-hfb-mobile-header-display":"","site-post-title":"","ast-breadcrumbs-content":"","ast-featured-img":"","footer-sml-layout":"","ast-disable-related-posts":"","theme-transparent-header-meta":"default","adv-header-id-meta":"","stick-header-meta":"","header-above-stick-meta":"","header-main-stick-meta":"","header-below-stick-meta":"","astra-migrate-meta-layouts":"set","ast-page-background-enabled":"default","ast-page-background-meta":{"desktop":{"background-color":"var(--ast-global-color-4)","background-image":"","background-repeat":"repeat","background-position":"center center","background-size":"auto","background-attachment":"scroll","background-type":"","background-media":"","overlay-type":"","overlay-color":"","overlay-opacity":"","overlay-gradient":""},"tablet":{"background-color":"","background-image":"","background-repeat":"repeat","background-position":"center center","background-size":"auto","background-attachment":"scroll","background-type":"","background-media":"","overlay-type":"","overlay-color":"","overlay-opacity":"","overlay-gradient":""},"mobile":{"background-color":"","background-image":"","background-repeat":"repeat","background-position":"center center","background-size":"auto","background-attachment":"scroll","background-type":"","background-media":"","overlay-type":"","overlay-color":"","overlay-opacity":"","overlay-gradient":""}},"ast-content-background-meta":{"desktop":{"background-color":"var(--ast-global-color-5)","background-image":"","background-repeat":"repeat","background-position":"center center","background-size":"auto","background-attachment":"scroll","background-type":"","background-media":"","overlay-type":"","overlay-color":"","overlay-opacity":"","overlay-gradient":""},"tablet":{"background-color":"var(--ast-global-color-5)","background-image":"","background-repeat":"repeat","background-position":"center center","background-size":"auto","background-attachment":"scroll","background-type":"","background-media":"","overlay-type":"","overlay-color":"","overlay-opacity":"","overlay-gradient":""},"mobile":{"background-color":"var(--ast-global-color-5)","background-image":"","background-repeat":"repeat","background-position":"center center","background-size":"auto","background-attachment":"scroll","background-type":"","background-media":"","overlay-type":"","overlay-color":"","overlay-opacity":"","overlay-gradient":""}},"footnotes":""},"class_list":["post-22856","page","type-page","status-publish","hentry"],"acf":[],"_links":{"self":[{"href":"http:\/\/ciriecstat.com\/en\/wp-json\/wp\/v2\/pages\/22856","targetHints":{"allow":["GET"]}}],"collection":[{"href":"http:\/\/ciriecstat.com\/en\/wp-json\/wp\/v2\/pages"}],"about":[{"href":"http:\/\/ciriecstat.com\/en\/wp-json\/wp\/v2\/types\/page"}],"author":[{"embeddable":true,"href":"http:\/\/ciriecstat.com\/en\/wp-json\/wp\/v2\/users\/4"}],"replies":[{"embeddable":true,"href":"http:\/\/ciriecstat.com\/en\/wp-json\/wp\/v2\/comments?post=22856"}],"version-history":[{"count":1,"href":"http:\/\/ciriecstat.com\/en\/wp-json\/wp\/v2\/pages\/22856\/revisions"}],"predecessor-version":[{"id":22857,"href":"http:\/\/ciriecstat.com\/en\/wp-json\/wp\/v2\/pages\/22856\/revisions\/22857"}],"up":[{"embeddable":true,"href":"http:\/\/ciriecstat.com\/en\/wp-json\/wp\/v2\/pages\/222"}],"wp:attachment":[{"href":"http:\/\/ciriecstat.com\/en\/wp-json\/wp\/v2\/media?parent=22856"}],"curies":[{"name":"wp","href":"https:\/\/api.w.org\/{rel}","templated":true}]}}