{"id":2,"date":"2024-06-18T18:02:23","date_gmt":"2024-06-18T16:02:23","guid":{"rendered":"https:\/\/ciriecstat.com\/?page_id=2"},"modified":"2025-05-30T08:39:33","modified_gmt":"2025-05-30T06:39:33","slug":"home","status":"publish","type":"page","link":"https:\/\/ciriecstat.com\/en\/","title":{"rendered":"Home | <span>News of the Social Economy<\/span>"},"content":{"rendered":"<h3>KEY FIGURES OF THE SOCIAL ECONOMY IN SPAIN, 2024<\/h3>\n<div id=\"grandes-cifras-01\"><img decoding=\"async\" class=\"alignnone size-full\" src=\"https:\/\/ciriecstat.com\/wp-content\/uploads\/inicio-datos-es-mercado_en.png\" alt=\"Datos Econom\u00eda Social de mercado\" \/><br \/>\n<a class=\"inicio-boton-datos inicio-boton-datos-01\" href=\"https:\/\/ciriecstat.com\/en\/datos-economia-social-de-mercado\/\">See data<\/a><\/div>\n<div id=\"grandes-cifras-02\"><img decoding=\"async\" class=\"alignnone size-full\" src=\"https:\/\/ciriecstat.com\/wp-content\/uploads\/inicio-datos-es-no-mercado_en.png\" alt=\"Non-market Social Economy data\" \/><br \/>\n<a class=\"inicio-boton-datos inicio-boton-datos-02\" href=\"https:\/\/ciriecstat.com\/en\/datos-economia-social-no-de-mercado\/\">See data<\/a><\/div>\n<div style=\"clear: both; height: 6px; background: #dedede; margin-bottom: 20px;\"><\/div>\n<h3>DISTRIBUTION OF DIRECT EMPLOYMENT GENERATED BY THE SOCIAL ECONOMY<\/h3>\n<p><img decoding=\"async\" class=\"alignnone size-full\" style=\"margin-top: 20px;\" src=\"https:\/\/ciriecstat.com\/wp-content\/uploads\/distribucion-del-empleo-directo-generado-por-la-economia-social_en.png\" alt=\"Distribuci\u00f3n del empleo directo generado por la Econom\u00eda Social\" \/><\/p>\n<p style=\"font-size: 13px; line-height: 15px; margin: 20px 0 30px 0;\"><em>Source: Own elaboration based on CIRIEC-Spain, Ministry of Labor and Social Economy, ONCE, Caritas, Cruz Roja, Spanish Association of Foundations, and Social Action NGO Platform<\/em><\/p>","protected":false},"excerpt":{"rendered":"<p>GRANDES CIFRAS DE LA ECONOM\u00cdA SOCIAL EN ESPA\u00d1A, 2024 Ver datos Ver datos DISTRIBUCI\u00d3N DEL EMPLEO DIRECTO GENERADO POR LA ECONOM\u00cdA SOCIAL Fuente: elaboraci\u00f3n propia a partir de CIRIEC-Espa\u00f1a, Ministerio de Trabajo y Econom\u00eda Social, ONCE, C\u00e1ritas, Cruz Roja, Asociaci\u00f3n Espa\u00f1ola de Fundaciones y Plataforma ONG de acci\u00f3n social<\/p>","protected":false},"author":1,"featured_media":0,"parent":0,"menu_order":0,"comment_status":"closed","ping_status":"closed","template":"page-home.php","meta":{"_acf_changed":false,"_monsterinsights_skip_tracking":false,"_monsterinsights_sitenote_active":false,"_monsterinsights_sitenote_note":"","_monsterinsights_sitenote_category":0,"site-sidebar-layout":"default","site-content-layout":"","ast-site-content-layout":"default","site-content-style":"default","site-sidebar-style":"default","ast-global-header-display":"","ast-banner-title-visibility":"","ast-main-header-display":"","ast-hfb-above-header-display":"","ast-hfb-below-header-display":"","ast-hfb-mobile-header-display":"","site-post-title":"","ast-breadcrumbs-content":"","ast-featured-img":"","footer-sml-layout":"","ast-disable-related-posts":"","theme-transparent-header-meta":"default","adv-header-id-meta":"","stick-header-meta":"","header-above-stick-meta":"","header-main-stick-meta":"","header-below-stick-meta":"","astra-migrate-meta-layouts":"set","ast-page-background-enabled":"default","ast-page-background-meta":{"desktop":{"background-color":"var(--ast-global-color-4)","background-image":"","background-repeat":"repeat","background-position":"center center","background-size":"auto","background-attachment":"scroll","background-type":"","background-media":"","overlay-type":"","overlay-color":"","overlay-opacity":"","overlay-gradient":""},"tablet":{"background-color":"","background-image":"","background-repeat":"repeat","background-position":"center center","background-size":"auto","background-attachment":"scroll","background-type":"","background-media":"","overlay-type":"","overlay-color":"","overlay-opacity":"","overlay-gradient":""},"mobile":{"background-color":"","background-image":"","background-repeat":"repeat","background-position":"center center","background-size":"auto","background-attachment":"scroll","background-type":"","background-media":"","overlay-type":"","overlay-color":"","overlay-opacity":"","overlay-gradient":""}},"ast-content-background-meta":{"desktop":{"background-color":"var(--ast-global-color-5)","background-image":"","background-repeat":"repeat","background-position":"center center","background-size":"auto","background-attachment":"scroll","background-type":"","background-media":"","overlay-type":"","overlay-color":"","overlay-opacity":"","overlay-gradient":""},"tablet":{"background-color":"var(--ast-global-color-5)","background-image":"","background-repeat":"repeat","background-position":"center center","background-size":"auto","background-attachment":"scroll","background-type":"","background-media":"","overlay-type":"","overlay-color":"","overlay-opacity":"","overlay-gradient":""},"mobile":{"background-color":"var(--ast-global-color-5)","background-image":"","background-repeat":"repeat","background-position":"center center","background-size":"auto","background-attachment":"scroll","background-type":"","background-media":"","overlay-type":"","overlay-color":"","overlay-opacity":"","overlay-gradient":""}},"footnotes":""},"class_list":["post-2","page","type-page","status-publish","hentry"],"acf":[],"_links":{"self":[{"href":"https:\/\/ciriecstat.com\/en\/wp-json\/wp\/v2\/pages\/2","targetHints":{"allow":["GET"]}}],"collection":[{"href":"https:\/\/ciriecstat.com\/en\/wp-json\/wp\/v2\/pages"}],"about":[{"href":"https:\/\/ciriecstat.com\/en\/wp-json\/wp\/v2\/types\/page"}],"author":[{"embeddable":true,"href":"https:\/\/ciriecstat.com\/en\/wp-json\/wp\/v2\/users\/1"}],"replies":[{"embeddable":true,"href":"https:\/\/ciriecstat.com\/en\/wp-json\/wp\/v2\/comments?post=2"}],"version-history":[{"count":54,"href":"https:\/\/ciriecstat.com\/en\/wp-json\/wp\/v2\/pages\/2\/revisions"}],"predecessor-version":[{"id":23713,"href":"https:\/\/ciriecstat.com\/en\/wp-json\/wp\/v2\/pages\/2\/revisions\/23713"}],"wp:attachment":[{"href":"https:\/\/ciriecstat.com\/en\/wp-json\/wp\/v2\/media?parent=2"}],"curies":[{"name":"wp","href":"https:\/\/api.w.org\/{rel}","templated":true}]}}