{"id":219,"date":"2022-09-06T11:42:28","date_gmt":"2022-09-06T09:42:28","guid":{"rendered":"https:\/\/ciriecstat.com\/?page_id=219"},"modified":"2022-10-14T09:08:23","modified_gmt":"2022-10-14T07:08:23","slug":"presentacion","status":"publish","type":"page","link":"https:\/\/ciriecstat.com\/en\/proyecto\/presentacion\/","title":{"rendered":"Presentation"},"content":{"rendered":"<div id=\"presentacion\">\n<p class=\"translation-block\"><img class=\"logo-presentacion alignright size-full wp-image-12791\" src=\"https:\/\/ciriecstat.com\/wp-content\/uploads\/logo-ciriec-grande.png\" alt=\"Logo CIRIEC-Espa\u00f1a\" width=\"300\" height=\"103\" \/>Since its inception in 1986, CIRIEC-Spain has been conducting numerous studies and statistical reports on the social economy, from the distant and pioneering <em>White Paper on the Social Economy in Spain<\/em> (1992) to the report <em>The Social Economy in Spain in Figures<\/em> (2021). To mention just a few, it is worth highlighting the first <em>Satellite Accounts of the Social Economy in Spain<\/em> (1994, contract with the European Commission), <em>Satellite Accounts of Cooperatives and Labour Societies<\/em> in various years, <em>Handbook on satellite accounts for cooperatives and mutual benefit societies<\/em> (2006, European Commission), <em>The Key Figures of the Social Economy in Spain<\/em> (2010, ONCE Foundation), <em>Satellite Accounts of cooperatives and mutual benefit societies in Spain<\/em> (2009, INE), <em>Satellite Accounts for private foundations serving households and Social Works of the Savings Banks<\/em> (2011, FUNCAS), the <em>Reports on the Social Economy in the European Union<\/em> (European Economic and Social Committee, 2008, 2012, and 2017), <em>Satellite Accounts for people with disabilities in Spain<\/em> (2015, ONCE Foundation), <em>The Special Employment Centers in Spain<\/em> (2014, ONCE Foundation), and many others. Alongside these studies, the regional partners of CIRIEC-Spain, integrated into its ENUIES Network of institutes and research centers from 12 Spanish universities, have conducted numerous reports and White Papers on the Social Economy of various Autonomous Communities. All these studies share a methodology and a common concept of the Social Economy.<\/p>\n<p class=\"translation-block\">This concept of the social economy is widely agreed upon by various institutions of the European Union, representative organizations of cooperatives, mutual benefit societies, associations, foundations, associative base companies, and unique entities, as well as by the scientific community. A concept that aligns with the one established in Spain by Law 5\/2011 of March 29 on the Social Economy. This delineation of the Social Economy at the national and European levels is what makes it possible to successfully implement a system for the collection and production of Social Economy statistics with homogeneous methodological criteria, in accordance with the European System of Accounts and the United Nations System of National Accounts (ESA-2010 and SNA-2008), allowing the production of reliable and precise intertemporal, interregional, and international comparative analyses on companies and entities of the Social Economy. And this system of collection and production of statistics on the Social Economy <em>is not only possible but also necessary<\/em> to surpass the current level of heterogeneous, scarce, dispersed, and discontinuous statistical information on the Social Economy.<\/p>\n<p>And that is the main goal of this statistical portal, CIRIECSTAT, to implement a system for the collection and production of Social Economy statistics, in a repository and later in a database, that compiles, refines, and publishes on a unique portal, permanently and continuously, with the methodological criteria of national accounting, homogeneous and comparable, the different statistics of the Social Economy in Spain.<\/p>\n<div id=\"dori\"><img decoding=\"async\" src=\"https:\/\/ciriecstat.com\/wp-content\/uploads\/firma-dori.jpg\" alt=\"\" \/><br \/>Adoraci\u00f3n Mozas<\/div>\n<div id=\"jose-luis\"><img decoding=\"async\" src=\"https:\/\/ciriecstat.com\/wp-content\/uploads\/firma-joseluis.jpg\" alt=\"\" \/><br \/>Jos\u00e9 Luis Monz\u00f3n<\/div>\n<div style=\"clear:both;\"><\/div>\n<\/div>","protected":false},"excerpt":{"rendered":"<p>Desde su creaci\u00f3n en 1986, el CIRIEC-Espa\u00f1a ha venido realizando numerosos estudios e informes estad\u00edsticos sobre la econom\u00eda social, desde el ya lejano y pionero Libro Blanco de la Econom\u00eda Social en Espa\u00f1a (1992) hasta el informe La Econom\u00eda Social en Espa\u00f1a en cifras (2021). Por citar solo algunos de ellos, cabe destacar las primeras<\/p>","protected":false},"author":4,"featured_media":0,"parent":6,"menu_order":0,"comment_status":"closed","ping_status":"closed","template":"","meta":{"_acf_changed":false,"_monsterinsights_skip_tracking":false,"_monsterinsights_sitenote_active":false,"_monsterinsights_sitenote_note":"","_monsterinsights_sitenote_category":0,"site-sidebar-layout":"default","site-content-layout":"default","ast-site-content-layout":"default","site-content-style":"default","site-sidebar-style":"default","ast-global-header-display":"","ast-banner-title-visibility":"","ast-main-header-display":"","ast-hfb-above-header-display":"","ast-hfb-below-header-display":"","ast-hfb-mobile-header-display":"","site-post-title":"","ast-breadcrumbs-content":"","ast-featured-img":"","footer-sml-layout":"","ast-disable-related-posts":"","theme-transparent-header-meta":"default","adv-header-id-meta":"","stick-header-meta":"","header-above-stick-meta":"","header-main-stick-meta":"","header-below-stick-meta":"","astra-migrate-meta-layouts":"set","ast-page-background-enabled":"default","ast-page-background-meta":{"desktop":{"background-color":"var(--ast-global-color-4)","background-image":"","background-repeat":"repeat","background-position":"center center","background-size":"auto","background-attachment":"scroll","background-type":"","background-media":"","overlay-type":"","overlay-color":"","overlay-opacity":"","overlay-gradient":""},"tablet":{"background-color":"","background-image":"","background-repeat":"repeat","background-position":"center center","background-size":"auto","background-attachment":"scroll","background-type":"","background-media":"","overlay-type":"","overlay-color":"","overlay-opacity":"","overlay-gradient":""},"mobile":{"background-color":"","background-image":"","background-repeat":"repeat","background-position":"center center","background-size":"auto","background-attachment":"scroll","background-type":"","background-media":"","overlay-type":"","overlay-color":"","overlay-opacity":"","overlay-gradient":""}},"ast-content-background-meta":{"desktop":{"background-color":"var(--ast-global-color-5)","background-image":"","background-repeat":"repeat","background-position":"center center","background-size":"auto","background-attachment":"scroll","background-type":"","background-media":"","overlay-type":"","overlay-color":"","overlay-opacity":"","overlay-gradient":""},"tablet":{"background-color":"var(--ast-global-color-5)","background-image":"","background-repeat":"repeat","background-position":"center center","background-size":"auto","background-attachment":"scroll","background-type":"","background-media":"","overlay-type":"","overlay-color":"","overlay-opacity":"","overlay-gradient":""},"mobile":{"background-color":"var(--ast-global-color-5)","background-image":"","background-repeat":"repeat","background-position":"center center","background-size":"auto","background-attachment":"scroll","background-type":"","background-media":"","overlay-type":"","overlay-color":"","overlay-opacity":"","overlay-gradient":""}},"footnotes":""},"class_list":["post-219","page","type-page","status-publish","hentry"],"acf":[],"_links":{"self":[{"href":"https:\/\/ciriecstat.com\/en\/wp-json\/wp\/v2\/pages\/219","targetHints":{"allow":["GET"]}}],"collection":[{"href":"https:\/\/ciriecstat.com\/en\/wp-json\/wp\/v2\/pages"}],"about":[{"href":"https:\/\/ciriecstat.com\/en\/wp-json\/wp\/v2\/types\/page"}],"author":[{"embeddable":true,"href":"https:\/\/ciriecstat.com\/en\/wp-json\/wp\/v2\/users\/4"}],"replies":[{"embeddable":true,"href":"https:\/\/ciriecstat.com\/en\/wp-json\/wp\/v2\/comments?post=219"}],"version-history":[{"count":16,"href":"https:\/\/ciriecstat.com\/en\/wp-json\/wp\/v2\/pages\/219\/revisions"}],"predecessor-version":[{"id":21171,"href":"https:\/\/ciriecstat.com\/en\/wp-json\/wp\/v2\/pages\/219\/revisions\/21171"}],"up":[{"embeddable":true,"href":"https:\/\/ciriecstat.com\/en\/wp-json\/wp\/v2\/pages\/6"}],"wp:attachment":[{"href":"https:\/\/ciriecstat.com\/en\/wp-json\/wp\/v2\/media?parent=219"}],"curies":[{"name":"wp","href":"https:\/\/api.w.org\/{rel}","templated":true}]}}