{"id":222,"date":"2022-09-06T11:44:17","date_gmt":"2022-09-06T09:44:17","guid":{"rendered":"https:\/\/ciriecstat.com\/?page_id=222"},"modified":"2025-01-15T08:29:41","modified_gmt":"2025-01-15T07:29:41","slug":"equipo-humano","status":"publish","type":"page","link":"https:\/\/ciriecstat.com\/en\/proyecto\/equipo-humano\/","title":{"rendered":"People"},"content":{"rendered":"<div id=\"equipo\">\n<div id=\"equipo-direccion\">\n<h3>Board of directors<\/h3>\n<div class=\"equipo-miembro\">\n<p><img decoding=\"async\" src=\"https:\/\/ciriecstat.com\/wp-content\/uploads\/equipo_jl-monzon.jpg\" alt=\"Jos\u00e9 Luis Monz\u00f3n Campos\" \/><\/p>\n<p class=\"equipo-titulo\">Chairman<\/p>\n<p class=\"equipo-nombre\">Jos\u00e9 Luis Monz\u00f3n Campos<\/p>\n<p class=\"equipo-cargo\">Full Professor<\/p>\n<\/div>\n<div class=\"equipo-miembro\">\n<p><a href=\"https:\/\/ciriecstat.com\/en\/proyecto\/equipo-humano\/angel-soler-guillen\/\"><img decoding=\"async\" src=\"https:\/\/ciriecstat.com\/wp-content\/uploads\/equipo_a-soler.jpg\" alt=\"\u00c1ngel Soler Guill\u00e9n\" \/><\/a><\/p>\n<p class=\"equipo-titulo\">Director<\/p>\n<p class=\"equipo-nombre\"><a href=\"https:\/\/ciriecstat.com\/en\/proyecto\/equipo-humano\/angel-soler-guillen\/\">\u00c1ngel Soler Guill\u00e9n<\/a><\/p>\n<p class=\"equipo-cargo\">University Professor<\/p>\n<\/div>\n<\/div>\n<div style=\"clear: both; height: 20px;\"><\/div>\n<div id=\"equipo-consejo\">\n<h3>Scientific and Advisory Council<\/h3>\n<div class=\"equipo-miembro\">\n<p><a href=\"https:\/\/ciriecstat.com\/en\/proyecto\/equipo-humano\/rafael-chaves-avila\/\"><img decoding=\"async\" src=\"https:\/\/ciriecstat.com\/wp-content\/uploads\/equipo_r-chaves.jpg\" alt=\"Rafael Chaves \u00c1vila\" \/><\/a><\/p>\n<p class=\"equipo-nombre\"><a href=\"https:\/\/ciriecstat.com\/en\/proyecto\/equipo-humano\/rafael-chaves-avila\/\">Rafael Chaves \u00c1vila<\/a><\/p>\n<p class=\"equipo-cargo\">Full Professor<\/p>\n<\/div>\n<div class=\"equipo-miembro\">\n<p><a href=\"https:\/\/ciriecstat.com\/en\/proyecto\/equipo-humano\/adoracion-mozas-moral\/\"><img decoding=\"async\" src=\"https:\/\/ciriecstat.com\/wp-content\/uploads\/equipo_a-mozas.jpg\" alt=\"Adoraci\u00f3n Mozas Moral\" \/><\/a><\/p>\n<p class=\"equipo-nombre\"><a href=\"https:\/\/ciriecstat.com\/en\/proyecto\/equipo-humano\/adoracion-mozas-moral\/\">Adoraci\u00f3n Mozas Moral<\/a><\/p>\n<p class=\"equipo-cargo\">Full Professor<\/p>\n<\/div>\n<div class=\"equipo-miembro\">\n<p><a href=\"https:\/\/ciriecstat.com\/en\/proyecto\/equipo-humano\/carmen-marcuello-servos\/\"><img decoding=\"async\" src=\"https:\/\/ciriecstat.com\/wp-content\/uploads\/equipo_c-marcuello.jpg\" alt=\"Carmen Marcuello Serv\u00f3s\" \/><\/a><\/p>\n<p class=\"equipo-nombre\"><a href=\"https:\/\/ciriecstat.com\/en\/proyecto\/equipo-humano\/carmen-marcuello-servos\/\">Carmen Marcuello Serv\u00f3s<\/a><\/p>\n<p class=\"equipo-cargo\">Full Professor<\/p>\n<\/div>\n<div class=\"equipo-miembro\">\n<p><a href=\"https:\/\/ciriecstat.com\/en\/proyecto\/equipo-humano\/juan-francisco-julia-igual\/\"><img decoding=\"async\" src=\"https:\/\/ciriecstat.com\/wp-content\/uploads\/equipo_jf-julia.jpg\" alt=\"Juan Francisco Juli\u00e1 Igual\" \/><\/a><\/p>\n<p class=\"equipo-nombre\"><a href=\"https:\/\/ciriecstat.com\/en\/proyecto\/equipo-humano\/juan-francisco-julia-igual\/\">Juan Francisco Juli\u00e1 Igual<\/a><\/p>\n<p class=\"equipo-cargo\">Full Professor<\/p>\n<\/div>\n<div class=\"equipo-miembro\">\n<p><a href=\"https:\/\/ciriecstat.com\/en\/proyecto\/equipo-humano\/maite-cancelo\/\"><img decoding=\"async\" src=\"https:\/\/ciriecstat.com\/wp-content\/uploads\/equipo_m-cancelo.jpg\" alt=\"Maite Cancelo\" \/><\/a><\/p>\n<p class=\"equipo-nombre\"><a href=\"https:\/\/ciriecstat.com\/en\/proyecto\/equipo-humano\/maite-cancelo\/\">Maite Cancelo<\/a><\/p>\n<p class=\"equipo-cargo\">University Professor<\/p>\n<\/div>\n<div class=\"equipo-miembro\">\n<p><img decoding=\"async\" src=\"https:\/\/ciriecstat.com\/wp-content\/uploads\/equipo_s-murgui.jpg\" alt=\"Santiago Murgui Izquierdo\" \/><\/p>\n<p class=\"equipo-nombre\">Santiago Murgui Izquierdo<\/p>\n<p class=\"equipo-cargo\">Full Professor<\/p>\n<\/div>\n<div class=\"equipo-miembro\">\n<p><a href=\"https:\/\/ciriecstat.com\/en\/proyecto\/equipo-humano\/candido-roman-cervantes\/\"><img decoding=\"async\" src=\"https:\/\/ciriecstat.com\/wp-content\/uploads\/equipo_c-roman.jpg\" alt=\"C\u00e1ndido Rom\u00e1n Cervantes\" \/><\/a><\/p>\n<p class=\"equipo-nombre\"><a href=\"https:\/\/ciriecstat.com\/en\/proyecto\/equipo-humano\/candido-roman-cervantes\/\">C\u00e1ndido Rom\u00e1n Cervantes<\/a><\/p>\n<p class=\"equipo-cargo\">University Professor<\/p>\n<\/div>\n<div class=\"equipo-miembro\">\n<p><a href=\"https:\/\/ciriecstat.com\/en\/proyecto\/equipo-humano\/felipe-hernandez-perlines\/\"><img decoding=\"async\" src=\"https:\/\/ciriecstat.com\/wp-content\/uploads\/equipo_f-hernandez.jpg\" alt=\"Felipe Hern\u00e1ndez Perlines\" \/><\/a><\/p>\n<p class=\"equipo-nombre\"><a href=\"https:\/\/ciriecstat.com\/en\/proyecto\/equipo-humano\/felipe-hernandez-perlines\/\">Felipe Hern\u00e1ndez Perlines<\/a><\/p>\n<p class=\"equipo-cargo\">Full Professor<\/p>\n<\/div>\n<div class=\"equipo-miembro\">\n<p><a href=\"https:\/\/ciriecstat.com\/en\/proyecto\/equipo-humano\/eva-benages-candau\/\"><img decoding=\"async\" src=\"https:\/\/ciriecstat.com\/wp-content\/uploads\/equipo_e-benages.jpg\" alt=\"Eva Benages Candau\" \/><\/a><\/p>\n<p class=\"equipo-nombre\"><a href=\"https:\/\/ciriecstat.com\/en\/proyecto\/equipo-humano\/eva-benages-candau\/\">Eva Benages Candau<\/a><\/p>\n<p class=\"equipo-cargo\">University Professor<\/p>\n<\/div>\n<div class=\"equipo-miembro\">\n<p><a href=\"https:\/\/ciriecstat.com\/en\/proyecto\/equipo-humano\/gustavo-lejarriaga-perez\/\"><img decoding=\"async\" src=\"https:\/\/ciriecstat.com\/wp-content\/uploads\/equipo_g-lejarriaga.jpg\" alt=\"Gustavo Lejarriaga P\u00e9rez\" \/><\/a><\/p>\n<p class=\"equipo-nombre\"><a href=\"https:\/\/ciriecstat.com\/en\/proyecto\/equipo-humano\/gustavo-lejarriaga-perez\/\">Gustavo Lejarriaga P\u00e9rez<\/a><\/p>\n<p class=\"equipo-cargo\">University Professor<\/p>\n<\/div>\n<div class=\"equipo-miembro\">\n<p><img decoding=\"async\" src=\"https:\/\/ciriecstat.com\/wp-content\/uploads\/equipo_f-salinas.jpg\" alt=\"Francisco Salinas Ramos\" \/><\/p>\n<p class=\"equipo-nombre\">Francisco Salinas Ramos<\/p>\n<p class=\"equipo-cargo\">University Professor<\/p>\n<\/div>\n<div class=\"equipo-miembro\">\n<p><a href=\"https:\/\/ciriecstat.com\/en\/proyecto\/equipo-humano\/jon-morandeira\/\"><img decoding=\"async\" src=\"https:\/\/ciriecstat.com\/wp-content\/uploads\/equipo_j-morandeira.jpg\" alt=\"Jon Morandeira\" \/><\/a><\/p>\n<p class=\"equipo-nombre\"><a href=\"https:\/\/ciriecstat.com\/en\/proyecto\/equipo-humano\/jon-morandeira\/\">Jon Morandeira<\/a><\/p>\n<p class=\"equipo-cargo\">University Professor<\/p>\n<\/div>\n<div class=\"equipo-miembro\">\n<p><a href=\"https:\/\/ciriecstat.com\/en\/proyecto\/equipo-humano\/narciso-arcas-lario\/\"><img decoding=\"async\" src=\"https:\/\/ciriecstat.com\/wp-content\/uploads\/equipo_n-arcas.jpg\" alt=\"Narciso Arcas Lario\" \/><\/a><\/p>\n<p class=\"equipo-nombre\"><a href=\"https:\/\/ciriecstat.com\/en\/proyecto\/equipo-humano\/narciso-arcas-lario\/\">Narciso Arcas Lario<\/a><\/p>\n<p class=\"equipo-cargo\">Full Professor<\/p>\n<\/div>\n<div class=\"equipo-miembro\">\n<p><img decoding=\"async\" src=\"https:\/\/ciriecstat.com\/wp-content\/uploads\/equipo_e-serrano.jpg\" alt=\"Eloi Serrano Robles\" \/><\/p>\n<p class=\"equipo-nombre\">Eloi Serrano Robles<\/p>\n<p class=\"equipo-cargo\">University Professor<\/p>\n<\/div>\n<div class=\"equipo-miembro\">\n<p><a href=\"https:\/\/ciriecstat.com\/en\/proyecto\/equipo-humano\/enrique-bernal-jurado\/\"><img decoding=\"async\" src=\"https:\/\/ciriecstat.com\/wp-content\/uploads\/equipo_e-bernal.jpg\" alt=\"Enrique Bernal Jurado\" \/><\/a><\/p>\n<p class=\"equipo-nombre\"><a href=\"https:\/\/ciriecstat.com\/en\/proyecto\/equipo-humano\/enrique-bernal-jurado\/\">Enrique Bernal Jurado<\/a><\/p>\n<p class=\"equipo-cargo\">Full Professor<\/p>\n<\/div>\n<div class=\"equipo-miembro\">\n<p><img decoding=\"async\" src=\"https:\/\/ciriecstat.com\/wp-content\/uploads\/equipo_j-galan.jpg\" alt=\"Jos\u00e9 Gal\u00e1n Pel\u00e1ez\" \/><\/p>\n<p class=\"equipo-nombre\">Jos\u00e9 Gal\u00e1n Pel\u00e1ez<\/p>\n<p class=\"equipo-cargo\">University Researcher<\/p>\n<\/div>\n<div class=\"equipo-miembro especial-2\">\n<p><img decoding=\"async\" src=\"https:\/\/ciriecstat.com\/wp-content\/uploads\/equipo_a-belassir.jpg\" alt=\"Aicha Belassir\" \/><\/p>\n<p class=\"equipo-nombre\">Aicha Belassir<\/p>\n<p class=\"equipo-cargo\">General Director of Social Economy and Corporate Social Responsibility<\/p>\n<\/div>\n<div class=\"equipo-miembro especial-2\">\n<p><a href=\"https:\/\/ciriecstat.com\/en\/proyecto\/equipo-humano\/carmen-comos-tovar\/\"><img decoding=\"async\" src=\"https:\/\/ciriecstat.com\/wp-content\/uploads\/equipo_c-comos.jpg\" alt=\"Carmen Comos Tovar\" \/><\/a><\/p>\n<p class=\"equipo-nombre\"><a href=\"https:\/\/ciriecstat.com\/en\/proyecto\/equipo-humano\/carmen-comos-tovar\/\">Carmen Comos Tovar<\/a><\/p>\n<p class=\"equipo-cargo\">Director of the Spanish Business Confederation of the Social Economy (CEPES)<\/p>\n<\/div>\n<\/div>\n<div style=\"clear: both; height: 20px;\"><\/div>\n<div id=\"equipo-tecnico\">\n<h3>Technical team<\/h3>\n<div class=\"equipo-miembro\">\n<p><img decoding=\"async\" src=\"https:\/\/ciriecstat.com\/wp-content\/uploads\/equipo_a-gonzalez.jpg\" alt=\"Antonio Gonz\u00e1lez Rojas\" \/><\/p>\n<p class=\"equipo-titulo\">Coordination<\/p>\n<p class=\"equipo-nombre\">Antonio Gonz\u00e1lez Rojas<\/p>\n<\/div>\n<div class=\"equipo-miembro\">\n<p><img decoding=\"async\" src=\"https:\/\/ciriecstat.com\/wp-content\/uploads\/equipo_a-ramon.jpg\" alt=\"Ana Ram\u00f3n Sierra\" \/><\/p>\n<p class=\"equipo-titulo\">Executive secretary<\/p>\n<p class=\"equipo-nombre\">Ana Ram\u00f3n Sierra<\/p>\n<\/div>\n<div class=\"equipo-miembro\">\n<p><img decoding=\"async\" src=\"https:\/\/ciriecstat.com\/wp-content\/uploads\/equipo_m-ferrer.jpg\" alt=\"Mar\u00eda Ferrer Mart\u00ednez\" \/><\/p>\n<p class=\"equipo-titulo\">Data technician<\/p>\n<p class=\"equipo-nombre\">Mar\u00eda Ferrer Mart\u00ednez<\/p>\n<\/div>\n<div class=\"equipo-miembro\">\n<p><img decoding=\"async\" src=\"https:\/\/valestat.com\/wp-content\/uploads\/equipo_a-gallego.jpg\" alt=\"\u00c1lvaro Gallego Borr\u00e0s\" \/><\/p>\n<p class=\"equipo-titulo\">Data technician<\/p>\n<p class=\"equipo-nombre\">\u00c1lvaro Gallego Borr\u00e0s<\/p>\n<\/div>\n<div class=\"equipo-miembro\">\n<p><img decoding=\"async\" src=\"https:\/\/ciriecstat.com\/wp-content\/uploads\/equipo_jj-cabezuelo.jpg\" alt=\"Jos\u00e9 Juan Cabezuelo Menadas\" \/><\/p>\n<p class=\"equipo-titulo\">Communication<\/p>\n<p class=\"equipo-nombre\">Jos\u00e9 Juan Cabezuelo Menadas<\/p>\n<\/div>\n<div class=\"equipo-miembro\">\n<p><img decoding=\"async\" src=\"https:\/\/ciriecstat.com\/wp-content\/uploads\/equipo_s-rubio.jpg\" alt=\"Sergio Rubio Mart\u00ednez\" \/><\/p>\n<p class=\"equipo-titulo\">Edition<\/p>\n<p class=\"equipo-nombre\">Sergio Rubio Mart\u00ednez<\/p>\n<\/div>\n<\/div>\n<div style=\"clear: both; height: 20px;\"><\/div>\n<\/div>","protected":false},"excerpt":{"rendered":"<p>Direcci\u00f3n Presidente Jos\u00e9 Luis Monz\u00f3n Campos Catedr\u00e1tico de universidad Director \u00c1ngel Soler Guill\u00e9n Profesor universitario Consejo Cient\u00edfico y Asesor Rafael Chaves \u00c1vila Catedr\u00e1tico de universidad Adoraci\u00f3n Mozas Moral Catedr\u00e1tica de universidad Carmen Marcuello Serv\u00f3s Catedr\u00e1tica de universidad Juan Francisco Juli\u00e1 Igual Catedr\u00e1tico de universidad Maite Cancelo Profesora universitaria Santiago Murgui Izquierdo Catedr\u00e1tico de universidad C\u00e1ndido<\/p>","protected":false},"author":4,"featured_media":0,"parent":6,"menu_order":0,"comment_status":"closed","ping_status":"closed","template":"","meta":{"_acf_changed":false,"_monsterinsights_skip_tracking":false,"_monsterinsights_sitenote_active":false,"_monsterinsights_sitenote_note":"","_monsterinsights_sitenote_category":0,"site-sidebar-layout":"default","site-content-layout":"default","ast-site-content-layout":"default","site-content-style":"default","site-sidebar-style":"default","ast-global-header-display":"","ast-banner-title-visibility":"","ast-main-header-display":"","ast-hfb-above-header-display":"","ast-hfb-below-header-display":"","ast-hfb-mobile-header-display":"","site-post-title":"","ast-breadcrumbs-content":"","ast-featured-img":"","footer-sml-layout":"","ast-disable-related-posts":"","theme-transparent-header-meta":"default","adv-header-id-meta":"","stick-header-meta":"","header-above-stick-meta":"","header-main-stick-meta":"","header-below-stick-meta":"","astra-migrate-meta-layouts":"set","ast-page-background-enabled":"default","ast-page-background-meta":{"desktop":{"background-color":"var(--ast-global-color-4)","background-image":"","background-repeat":"repeat","background-position":"center center","background-size":"auto","background-attachment":"scroll","background-type":"","background-media":"","overlay-type":"","overlay-color":"","overlay-opacity":"","overlay-gradient":""},"tablet":{"background-color":"","background-image":"","background-repeat":"repeat","background-position":"center center","background-size":"auto","background-attachment":"scroll","background-type":"","background-media":"","overlay-type":"","overlay-color":"","overlay-opacity":"","overlay-gradient":""},"mobile":{"background-color":"","background-image":"","background-repeat":"repeat","background-position":"center center","background-size":"auto","background-attachment":"scroll","background-type":"","background-media":"","overlay-type":"","overlay-color":"","overlay-opacity":"","overlay-gradient":""}},"ast-content-background-meta":{"desktop":{"background-color":"var(--ast-global-color-5)","background-image":"","background-repeat":"repeat","background-position":"center center","background-size":"auto","background-attachment":"scroll","background-type":"","background-media":"","overlay-type":"","overlay-color":"","overlay-opacity":"","overlay-gradient":""},"tablet":{"background-color":"var(--ast-global-color-5)","background-image":"","background-repeat":"repeat","background-position":"center center","background-size":"auto","background-attachment":"scroll","background-type":"","background-media":"","overlay-type":"","overlay-color":"","overlay-opacity":"","overlay-gradient":""},"mobile":{"background-color":"var(--ast-global-color-5)","background-image":"","background-repeat":"repeat","background-position":"center center","background-size":"auto","background-attachment":"scroll","background-type":"","background-media":"","overlay-type":"","overlay-color":"","overlay-opacity":"","overlay-gradient":""}},"footnotes":""},"class_list":["post-222","page","type-page","status-publish","hentry"],"acf":[],"_links":{"self":[{"href":"https:\/\/ciriecstat.com\/en\/wp-json\/wp\/v2\/pages\/222","targetHints":{"allow":["GET"]}}],"collection":[{"href":"https:\/\/ciriecstat.com\/en\/wp-json\/wp\/v2\/pages"}],"about":[{"href":"https:\/\/ciriecstat.com\/en\/wp-json\/wp\/v2\/types\/page"}],"author":[{"embeddable":true,"href":"https:\/\/ciriecstat.com\/en\/wp-json\/wp\/v2\/users\/4"}],"replies":[{"embeddable":true,"href":"https:\/\/ciriecstat.com\/en\/wp-json\/wp\/v2\/comments?post=222"}],"version-history":[{"count":56,"href":"https:\/\/ciriecstat.com\/en\/wp-json\/wp\/v2\/pages\/222\/revisions"}],"predecessor-version":[{"id":23025,"href":"https:\/\/ciriecstat.com\/en\/wp-json\/wp\/v2\/pages\/222\/revisions\/23025"}],"up":[{"embeddable":true,"href":"https:\/\/ciriecstat.com\/en\/wp-json\/wp\/v2\/pages\/6"}],"wp:attachment":[{"href":"https:\/\/ciriecstat.com\/en\/wp-json\/wp\/v2\/media?parent=222"}],"curies":[{"name":"wp","href":"https:\/\/api.w.org\/{rel}","templated":true}]}}