{"id":22827,"date":"2022-10-27T12:07:59","date_gmt":"2022-10-27T10:07:59","guid":{"rendered":"https:\/\/ciriecstat.com\/?page_id=22827"},"modified":"2024-06-26T15:35:38","modified_gmt":"2024-06-26T13:35:38","slug":"adoracion-mozas-moral","status":"publish","type":"page","link":"https:\/\/ciriecstat.com\/en\/proyecto\/equipo-humano\/adoracion-mozas-moral\/","title":{"rendered":"Adoraci\u00f3n Mozas Moral"},"content":{"rendered":"<p><img decoding=\"async\" class=\"equipo-single\" src=\"https:\/\/ciriecstat.com\/wp-content\/uploads\/equipo_a-mozas.jpg\" alt=\"Adoraci\u00f3n Mozas Moral\" \/><strong>Adoraci\u00f3n Mozas Moral<\/strong> es Catedr\u00e1tica de Universidad del \u00c1rea de Organizaci\u00f3n de Empresas y Premio Extraordinario de Doctorado por la Universidad de Ja\u00e9n. Ha centralizado su trabajo en el estudio de la Econom\u00eda social y el cooperativismo. Ha participado en 58 proyectos de investigaci\u00f3n y\/o contratos OTRI. En su haber tiene, 19 libros, 41 cap\u00edtulos de libro, 81 art\u00edculos cient\u00edficos y ha realizado 5 estancias en centros extranjeros. Ha conseguido 12 premios de investigaci\u00f3n y 1 de docencia. Ha sido Vicerrectora de Estudiantes e Inserci\u00f3n Laboral y Directora de la OTRI de la Universidad de Ja\u00e9n. Es Presidenta del CIRIEC-Espa\u00f1a, Vicepresidenta del CIRIEC-Internacional, Consejera de N\u00famero en el Instituto de Estudios Giennenses, Vocal \u201cExperta\u201d en el Consejo para el Fomento de la Econom\u00eda Social del Ministerio de Trabajo y Econom\u00eda Social y Medalla de Oro de la Villa de Torredelcampo, su pueblo.<\/p>","protected":false},"excerpt":{"rendered":"<p>Adoraci\u00f3n Mozas Moral es Catedr\u00e1tica de Universidad del \u00c1rea de Organizaci\u00f3n de Empresas y Premio Extraordinario de Doctorado por la Universidad de Ja\u00e9n. Ha centralizado su trabajo en el estudio de la Econom\u00eda social y el cooperativismo. Ha participado en 58 proyectos de investigaci\u00f3n y\/o contratos OTRI. En su haber tiene, 19 libros, 41 cap\u00edtulos<\/p>","protected":false},"author":4,"featured_media":0,"parent":222,"menu_order":0,"comment_status":"closed","ping_status":"closed","template":"","meta":{"_acf_changed":false,"_monsterinsights_skip_tracking":false,"_monsterinsights_sitenote_active":false,"_monsterinsights_sitenote_note":"","_monsterinsights_sitenote_category":0,"site-sidebar-layout":"default","site-content-layout":"default","ast-site-content-layout":"default","site-content-style":"default","site-sidebar-style":"default","ast-global-header-display":"","ast-banner-title-visibility":"","ast-main-header-display":"","ast-hfb-above-header-display":"","ast-hfb-below-header-display":"","ast-hfb-mobile-header-display":"","site-post-title":"","ast-breadcrumbs-content":"","ast-featured-img":"","footer-sml-layout":"","ast-disable-related-posts":"","theme-transparent-header-meta":"default","adv-header-id-meta":"","stick-header-meta":"","header-above-stick-meta":"","header-main-stick-meta":"","header-below-stick-meta":"","astra-migrate-meta-layouts":"set","ast-page-background-enabled":"default","ast-page-background-meta":{"desktop":{"background-color":"var(--ast-global-color-4)","background-image":"","background-repeat":"repeat","background-position":"center center","background-size":"auto","background-attachment":"scroll","background-type":"","background-media":"","overlay-type":"","overlay-color":"","overlay-opacity":"","overlay-gradient":""},"tablet":{"background-color":"","background-image":"","background-repeat":"repeat","background-position":"center center","background-size":"auto","background-attachment":"scroll","background-type":"","background-media":"","overlay-type":"","overlay-color":"","overlay-opacity":"","overlay-gradient":""},"mobile":{"background-color":"","background-image":"","background-repeat":"repeat","background-position":"center center","background-size":"auto","background-attachment":"scroll","background-type":"","background-media":"","overlay-type":"","overlay-color":"","overlay-opacity":"","overlay-gradient":""}},"ast-content-background-meta":{"desktop":{"background-color":"var(--ast-global-color-5)","background-image":"","background-repeat":"repeat","background-position":"center center","background-size":"auto","background-attachment":"scroll","background-type":"","background-media":"","overlay-type":"","overlay-color":"","overlay-opacity":"","overlay-gradient":""},"tablet":{"background-color":"var(--ast-global-color-5)","background-image":"","background-repeat":"repeat","background-position":"center center","background-size":"auto","background-attachment":"scroll","background-type":"","background-media":"","overlay-type":"","overlay-color":"","overlay-opacity":"","overlay-gradient":""},"mobile":{"background-color":"var(--ast-global-color-5)","background-image":"","background-repeat":"repeat","background-position":"center center","background-size":"auto","background-attachment":"scroll","background-type":"","background-media":"","overlay-type":"","overlay-color":"","overlay-opacity":"","overlay-gradient":""}},"footnotes":""},"class_list":["post-22827","page","type-page","status-publish","hentry"],"acf":[],"_links":{"self":[{"href":"https:\/\/ciriecstat.com\/en\/wp-json\/wp\/v2\/pages\/22827","targetHints":{"allow":["GET"]}}],"collection":[{"href":"https:\/\/ciriecstat.com\/en\/wp-json\/wp\/v2\/pages"}],"about":[{"href":"https:\/\/ciriecstat.com\/en\/wp-json\/wp\/v2\/types\/page"}],"author":[{"embeddable":true,"href":"https:\/\/ciriecstat.com\/en\/wp-json\/wp\/v2\/users\/4"}],"replies":[{"embeddable":true,"href":"https:\/\/ciriecstat.com\/en\/wp-json\/wp\/v2\/comments?post=22827"}],"version-history":[{"count":1,"href":"https:\/\/ciriecstat.com\/en\/wp-json\/wp\/v2\/pages\/22827\/revisions"}],"predecessor-version":[{"id":22828,"href":"https:\/\/ciriecstat.com\/en\/wp-json\/wp\/v2\/pages\/22827\/revisions\/22828"}],"up":[{"embeddable":true,"href":"https:\/\/ciriecstat.com\/en\/wp-json\/wp\/v2\/pages\/222"}],"wp:attachment":[{"href":"https:\/\/ciriecstat.com\/en\/wp-json\/wp\/v2\/media?parent=22827"}],"curies":[{"name":"wp","href":"https:\/\/api.w.org\/{rel}","templated":true}]}}