{"id":22833,"date":"2022-11-02T15:13:23","date_gmt":"2022-11-02T14:13:23","guid":{"rendered":"https:\/\/ciriecstat.com\/?page_id=22833"},"modified":"2024-06-26T15:35:38","modified_gmt":"2024-06-26T13:35:38","slug":"candido-roman-cervantes","status":"publish","type":"page","link":"https:\/\/ciriecstat.com\/en\/proyecto\/equipo-humano\/candido-roman-cervantes\/","title":{"rendered":"C\u00e1ndido Rom\u00e1n Cervantes"},"content":{"rendered":"<p><img decoding=\"async\" class=\"equipo-single\" src=\"https:\/\/ciriecstat.com\/wp-content\/uploads\/equipo_c-roman.jpg\" alt=\"C\u00e1ndido Rom\u00e1n Cervantes\" \/><strong>C\u00e1ndido Rom\u00e1n Cervantes<\/strong> (Orcid: 0000-0002-1697-3988) es Profesor Titular de Historia Econ\u00f3mica en el Departamento de Direcci\u00f3n de Empresas e Historia Econ\u00f3mica de la Universidad de La Laguna (Espa\u00f1a). Forma parte del Comit\u00e9 Cient\u00edfico de CIRIEC-ESPA\u00d1A, y del Comit\u00e9 Editorial de la Revista de Econom\u00eda P\u00fablica, Social y Cooperativa CIRIEC-ESPA\u00d1A. Es miembro del Instituto Universitario de Desarrollo Regional, del Instituto Universitario de la Empresa, del Centro de Estudios Africanos de la Universidad de La Laguna y de Gea Accounting Social Accounting for Sustainability.<\/p>\n<p>Ha sido Vicerrector de Extensi\u00f3n Universitaria y Relaciones Institucionales de la Universidad de La Laguna, Vicedecano y Director de Departamento de Historia e Instituciones Econ\u00f3micas. Actualmente es Director de la C\u00e1tedra Cajasiete de Econom\u00eda Social y Cooperativa. Ha impartido seminarios y cursos de especializaci\u00f3n como Profesor Visitante en diversas universidades, entre ellas: Buenos Aires, La Plata, Bochum, Mendoza, Montevideo, Concordia, University of Saskatchewan, Ottawa University, University College of Cork, University of Economics (Poznan,), Moscow University Engineering Transport (MIIT) Universit\u00e9 Lumiere 2 (Lyon).<\/p>\n<p>Ha publicado art\u00edculos y rese\u00f1as en las Revistas de Historia Moderna y Contempor\u00e1nea, \u00c1reas, Historia Econ\u00f3mica, Historia Industrial, Historia Agraria, Agricultura y Sociedad, Nutrici\u00f3n Hospitalaria, CIRIEC-Espa\u00f1a, REVESCO, Professionals Center for Business Research, RIVAR, Sustainability, Frontiers Psychology, International Journal of Environmental Research and Public Health, entre otras. As\u00ed como libros en las editoriales, Nova Science Publishers, Routledge, Taylor and Francis Group, London and New York, Cambridge Institute Publications y Ministerio de Agricultura, Pesca y Alimentaci\u00f3n de Espa\u00f1a.<\/p>","protected":false},"excerpt":{"rendered":"<p>C\u00e1ndido Rom\u00e1n Cervantes (Orcid: 0000-0002-1697-3988) es Profesor Titular de Historia Econ\u00f3mica en el Departamento de Direcci\u00f3n de Empresas e Historia Econ\u00f3mica de la Universidad de La Laguna (Espa\u00f1a). Forma parte del Comit\u00e9 Cient\u00edfico de CIRIEC-ESPA\u00d1A, y del Comit\u00e9 Editorial de la Revista de Econom\u00eda P\u00fablica, Social y Cooperativa CIRIEC-ESPA\u00d1A. Es miembro del Instituto Universitario de<\/p>","protected":false},"author":4,"featured_media":0,"parent":222,"menu_order":0,"comment_status":"closed","ping_status":"closed","template":"","meta":{"_acf_changed":false,"_monsterinsights_skip_tracking":false,"_monsterinsights_sitenote_active":false,"_monsterinsights_sitenote_note":"","_monsterinsights_sitenote_category":0,"site-sidebar-layout":"default","site-content-layout":"default","ast-site-content-layout":"default","site-content-style":"default","site-sidebar-style":"default","ast-global-header-display":"","ast-banner-title-visibility":"","ast-main-header-display":"","ast-hfb-above-header-display":"","ast-hfb-below-header-display":"","ast-hfb-mobile-header-display":"","site-post-title":"","ast-breadcrumbs-content":"","ast-featured-img":"","footer-sml-layout":"","ast-disable-related-posts":"","theme-transparent-header-meta":"default","adv-header-id-meta":"","stick-header-meta":"","header-above-stick-meta":"","header-main-stick-meta":"","header-below-stick-meta":"","astra-migrate-meta-layouts":"set","ast-page-background-enabled":"default","ast-page-background-meta":{"desktop":{"background-color":"var(--ast-global-color-4)","background-image":"","background-repeat":"repeat","background-position":"center center","background-size":"auto","background-attachment":"scroll","background-type":"","background-media":"","overlay-type":"","overlay-color":"","overlay-opacity":"","overlay-gradient":""},"tablet":{"background-color":"","background-image":"","background-repeat":"repeat","background-position":"center center","background-size":"auto","background-attachment":"scroll","background-type":"","background-media":"","overlay-type":"","overlay-color":"","overlay-opacity":"","overlay-gradient":""},"mobile":{"background-color":"","background-image":"","background-repeat":"repeat","background-position":"center center","background-size":"auto","background-attachment":"scroll","background-type":"","background-media":"","overlay-type":"","overlay-color":"","overlay-opacity":"","overlay-gradient":""}},"ast-content-background-meta":{"desktop":{"background-color":"var(--ast-global-color-5)","background-image":"","background-repeat":"repeat","background-position":"center center","background-size":"auto","background-attachment":"scroll","background-type":"","background-media":"","overlay-type":"","overlay-color":"","overlay-opacity":"","overlay-gradient":""},"tablet":{"background-color":"var(--ast-global-color-5)","background-image":"","background-repeat":"repeat","background-position":"center center","background-size":"auto","background-attachment":"scroll","background-type":"","background-media":"","overlay-type":"","overlay-color":"","overlay-opacity":"","overlay-gradient":""},"mobile":{"background-color":"var(--ast-global-color-5)","background-image":"","background-repeat":"repeat","background-position":"center center","background-size":"auto","background-attachment":"scroll","background-type":"","background-media":"","overlay-type":"","overlay-color":"","overlay-opacity":"","overlay-gradient":""}},"footnotes":""},"class_list":["post-22833","page","type-page","status-publish","hentry"],"acf":[],"_links":{"self":[{"href":"https:\/\/ciriecstat.com\/en\/wp-json\/wp\/v2\/pages\/22833","targetHints":{"allow":["GET"]}}],"collection":[{"href":"https:\/\/ciriecstat.com\/en\/wp-json\/wp\/v2\/pages"}],"about":[{"href":"https:\/\/ciriecstat.com\/en\/wp-json\/wp\/v2\/types\/page"}],"author":[{"embeddable":true,"href":"https:\/\/ciriecstat.com\/en\/wp-json\/wp\/v2\/users\/4"}],"replies":[{"embeddable":true,"href":"https:\/\/ciriecstat.com\/en\/wp-json\/wp\/v2\/comments?post=22833"}],"version-history":[{"count":1,"href":"https:\/\/ciriecstat.com\/en\/wp-json\/wp\/v2\/pages\/22833\/revisions"}],"predecessor-version":[{"id":22834,"href":"https:\/\/ciriecstat.com\/en\/wp-json\/wp\/v2\/pages\/22833\/revisions\/22834"}],"up":[{"embeddable":true,"href":"https:\/\/ciriecstat.com\/en\/wp-json\/wp\/v2\/pages\/222"}],"wp:attachment":[{"href":"https:\/\/ciriecstat.com\/en\/wp-json\/wp\/v2\/media?parent=22833"}],"curies":[{"name":"wp","href":"https:\/\/api.w.org\/{rel}","templated":true}]}}