{"id":22839,"date":"2022-10-27T12:08:45","date_gmt":"2022-10-27T10:08:45","guid":{"rendered":"https:\/\/ciriecstat.com\/?page_id=22839"},"modified":"2024-06-26T15:35:39","modified_gmt":"2024-06-26T13:35:39","slug":"carmen-marcuello-servos","status":"publish","type":"page","link":"https:\/\/ciriecstat.com\/en\/proyecto\/equipo-humano\/carmen-marcuello-servos\/","title":{"rendered":"Carmen Marcuello Serv\u00f3s"},"content":{"rendered":"<p><img decoding=\"async\" class=\"equipo-single\" src=\"https:\/\/ciriecstat.com\/wp-content\/uploads\/equipo_c-marcuello.jpg\" alt=\"Carmen Marcuello Serv\u00f3s\" \/><strong> Carmen Marcuello Serv\u00f3s <\/strong> es Catedr\u00e1tica en el departamento de Direcci\u00f3n y Organizaci\u00f3n de Empresas de la Universidad de Zaragoza. Miembro del Laboratorio de Econom\u00eda Social (labes-unizar.es\/) y directora del grupo de investigaci\u00f3n GESES-Universidad de Zaragoza. Es directora de la C\u00e1tedra Econom\u00eda Social y Cooperativas, presidenta del OIBESCOOP y Vicepresidenta de CIRIEC-Espa\u00f1a. Ha participado en la creaci\u00f3n de CEPES-Arag\u00f3n y es co-fundadora de la asociaci\u00f3n Musethica de la cual es directora social desde 2012. Como miembro del patronato de la Fundaci\u00f3n Integraci\u00f3n y Empleo forma parte del consejo de administraci\u00f3n del Centro Especial de Empleo, Arapack, y de la Empresa de Inserci\u00f3n, Mapiser.<\/p>","protected":false},"excerpt":{"rendered":"<p>Carmen Marcuello Serv\u00f3s es Catedr\u00e1tica en el departamento de Direcci\u00f3n y Organizaci\u00f3n de Empresas de la Universidad de Zaragoza. Miembro del Laboratorio de Econom\u00eda Social (labes-unizar.es\/) y directora del grupo de investigaci\u00f3n GESES-Universidad de Zaragoza. Es directora de la C\u00e1tedra Econom\u00eda Social y Cooperativas, presidenta del OIBESCOOP y Vicepresidenta de CIRIEC-Espa\u00f1a. Ha participado en la<\/p>","protected":false},"author":4,"featured_media":0,"parent":222,"menu_order":0,"comment_status":"closed","ping_status":"closed","template":"","meta":{"_acf_changed":false,"_monsterinsights_skip_tracking":false,"_monsterinsights_sitenote_active":false,"_monsterinsights_sitenote_note":"","_monsterinsights_sitenote_category":0,"site-sidebar-layout":"default","site-content-layout":"default","ast-site-content-layout":"default","site-content-style":"default","site-sidebar-style":"default","ast-global-header-display":"","ast-banner-title-visibility":"","ast-main-header-display":"","ast-hfb-above-header-display":"","ast-hfb-below-header-display":"","ast-hfb-mobile-header-display":"","site-post-title":"","ast-breadcrumbs-content":"","ast-featured-img":"","footer-sml-layout":"","ast-disable-related-posts":"","theme-transparent-header-meta":"default","adv-header-id-meta":"","stick-header-meta":"","header-above-stick-meta":"","header-main-stick-meta":"","header-below-stick-meta":"","astra-migrate-meta-layouts":"set","ast-page-background-enabled":"default","ast-page-background-meta":{"desktop":{"background-color":"var(--ast-global-color-4)","background-image":"","background-repeat":"repeat","background-position":"center center","background-size":"auto","background-attachment":"scroll","background-type":"","background-media":"","overlay-type":"","overlay-color":"","overlay-opacity":"","overlay-gradient":""},"tablet":{"background-color":"","background-image":"","background-repeat":"repeat","background-position":"center center","background-size":"auto","background-attachment":"scroll","background-type":"","background-media":"","overlay-type":"","overlay-color":"","overlay-opacity":"","overlay-gradient":""},"mobile":{"background-color":"","background-image":"","background-repeat":"repeat","background-position":"center center","background-size":"auto","background-attachment":"scroll","background-type":"","background-media":"","overlay-type":"","overlay-color":"","overlay-opacity":"","overlay-gradient":""}},"ast-content-background-meta":{"desktop":{"background-color":"var(--ast-global-color-5)","background-image":"","background-repeat":"repeat","background-position":"center center","background-size":"auto","background-attachment":"scroll","background-type":"","background-media":"","overlay-type":"","overlay-color":"","overlay-opacity":"","overlay-gradient":""},"tablet":{"background-color":"var(--ast-global-color-5)","background-image":"","background-repeat":"repeat","background-position":"center center","background-size":"auto","background-attachment":"scroll","background-type":"","background-media":"","overlay-type":"","overlay-color":"","overlay-opacity":"","overlay-gradient":""},"mobile":{"background-color":"var(--ast-global-color-5)","background-image":"","background-repeat":"repeat","background-position":"center center","background-size":"auto","background-attachment":"scroll","background-type":"","background-media":"","overlay-type":"","overlay-color":"","overlay-opacity":"","overlay-gradient":""}},"footnotes":""},"class_list":["post-22839","page","type-page","status-publish","hentry"],"acf":[],"_links":{"self":[{"href":"https:\/\/ciriecstat.com\/en\/wp-json\/wp\/v2\/pages\/22839","targetHints":{"allow":["GET"]}}],"collection":[{"href":"https:\/\/ciriecstat.com\/en\/wp-json\/wp\/v2\/pages"}],"about":[{"href":"https:\/\/ciriecstat.com\/en\/wp-json\/wp\/v2\/types\/page"}],"author":[{"embeddable":true,"href":"https:\/\/ciriecstat.com\/en\/wp-json\/wp\/v2\/users\/4"}],"replies":[{"embeddable":true,"href":"https:\/\/ciriecstat.com\/en\/wp-json\/wp\/v2\/comments?post=22839"}],"version-history":[{"count":1,"href":"https:\/\/ciriecstat.com\/en\/wp-json\/wp\/v2\/pages\/22839\/revisions"}],"predecessor-version":[{"id":22840,"href":"https:\/\/ciriecstat.com\/en\/wp-json\/wp\/v2\/pages\/22839\/revisions\/22840"}],"up":[{"embeddable":true,"href":"https:\/\/ciriecstat.com\/en\/wp-json\/wp\/v2\/pages\/222"}],"wp:attachment":[{"href":"https:\/\/ciriecstat.com\/en\/wp-json\/wp\/v2\/media?parent=22839"}],"curies":[{"name":"wp","href":"https:\/\/api.w.org\/{rel}","templated":true}]}}