{"id":22842,"date":"2023-01-03T15:48:02","date_gmt":"2023-01-03T14:48:02","guid":{"rendered":"https:\/\/ciriecstat.com\/?page_id=22842"},"modified":"2024-06-26T15:35:39","modified_gmt":"2024-06-26T13:35:39","slug":"enrique-bernal-jurado","status":"publish","type":"page","link":"https:\/\/ciriecstat.com\/en\/proyecto\/equipo-humano\/enrique-bernal-jurado\/","title":{"rendered":"Enrique Bernal Jurado"},"content":{"rendered":"<p><img decoding=\"async\" class=\"equipo-single\" src=\"https:\/\/ciriecstat.com\/wp-content\/uploads\/equipo_e-bernal.jpg\" alt=\"Enrique Bernal Jurado\" \/><strong>Enrique Bernal Jurado<\/strong> naci\u00f3 en M\u00e1laga, es Catedr\u00e1tico de Universidad en el \u00c1rea de Econom\u00eda Aplicada y Premio Extraordinario de Doctorado por la Universidad de Ja\u00e9n. Ha centrado su investigaci\u00f3n en dos l\u00edneas fundamentales: comercio electr\u00f3nico y cooperativismo. En este \u00faltimo \u00e1mbito, ha recibido de la Junta de Andaluc\u00eda el Premio Arco\u00edris 2014 a la Mejor Investigaci\u00f3n sobre Cooperativismo y por parte de la Diputaci\u00f3n de Ja\u00e9n el Premio de Investigaciones Agrarias y Medioambientales 2016, adem\u00e1s de varios reconocimientos a las mejores comunicaciones presentadas en congresos internacionales, como GIKA en las ediciones de 2016 y 2018. Es autor de m\u00e1s de 130 publicaciones de \u00e1mbito nacional e internacional, entre las que se incluyen m\u00e1s de 75 art\u00edculos, 14 libros, 27 cap\u00edtulos de libro, una patente y ha realizado 4 estancias en centros extranjeros. Actualmente ocupa el cargo de Director del Observatorio de Seguridad y Comercio en la Red de la Universidad de Ja\u00e9n.<\/p>","protected":false},"excerpt":{"rendered":"<p>Enrique Bernal Jurado naci\u00f3 en M\u00e1laga, es Catedr\u00e1tico de Universidad en el \u00c1rea de Econom\u00eda Aplicada y Premio Extraordinario de Doctorado por la Universidad de Ja\u00e9n. Ha centrado su investigaci\u00f3n en dos l\u00edneas fundamentales: comercio electr\u00f3nico y cooperativismo. En este \u00faltimo \u00e1mbito, ha recibido de la Junta de Andaluc\u00eda el Premio Arco\u00edris 2014 a la<\/p>","protected":false},"author":4,"featured_media":0,"parent":222,"menu_order":0,"comment_status":"closed","ping_status":"closed","template":"","meta":{"_acf_changed":false,"_monsterinsights_skip_tracking":false,"_monsterinsights_sitenote_active":false,"_monsterinsights_sitenote_note":"","_monsterinsights_sitenote_category":0,"site-sidebar-layout":"default","site-content-layout":"default","ast-site-content-layout":"default","site-content-style":"default","site-sidebar-style":"default","ast-global-header-display":"","ast-banner-title-visibility":"","ast-main-header-display":"","ast-hfb-above-header-display":"","ast-hfb-below-header-display":"","ast-hfb-mobile-header-display":"","site-post-title":"","ast-breadcrumbs-content":"","ast-featured-img":"","footer-sml-layout":"","ast-disable-related-posts":"","theme-transparent-header-meta":"default","adv-header-id-meta":"","stick-header-meta":"","header-above-stick-meta":"","header-main-stick-meta":"","header-below-stick-meta":"","astra-migrate-meta-layouts":"set","ast-page-background-enabled":"default","ast-page-background-meta":{"desktop":{"background-color":"var(--ast-global-color-4)","background-image":"","background-repeat":"repeat","background-position":"center center","background-size":"auto","background-attachment":"scroll","background-type":"","background-media":"","overlay-type":"","overlay-color":"","overlay-opacity":"","overlay-gradient":""},"tablet":{"background-color":"","background-image":"","background-repeat":"repeat","background-position":"center center","background-size":"auto","background-attachment":"scroll","background-type":"","background-media":"","overlay-type":"","overlay-color":"","overlay-opacity":"","overlay-gradient":""},"mobile":{"background-color":"","background-image":"","background-repeat":"repeat","background-position":"center center","background-size":"auto","background-attachment":"scroll","background-type":"","background-media":"","overlay-type":"","overlay-color":"","overlay-opacity":"","overlay-gradient":""}},"ast-content-background-meta":{"desktop":{"background-color":"var(--ast-global-color-5)","background-image":"","background-repeat":"repeat","background-position":"center center","background-size":"auto","background-attachment":"scroll","background-type":"","background-media":"","overlay-type":"","overlay-color":"","overlay-opacity":"","overlay-gradient":""},"tablet":{"background-color":"var(--ast-global-color-5)","background-image":"","background-repeat":"repeat","background-position":"center center","background-size":"auto","background-attachment":"scroll","background-type":"","background-media":"","overlay-type":"","overlay-color":"","overlay-opacity":"","overlay-gradient":""},"mobile":{"background-color":"var(--ast-global-color-5)","background-image":"","background-repeat":"repeat","background-position":"center center","background-size":"auto","background-attachment":"scroll","background-type":"","background-media":"","overlay-type":"","overlay-color":"","overlay-opacity":"","overlay-gradient":""}},"footnotes":""},"class_list":["post-22842","page","type-page","status-publish","hentry"],"acf":[],"_links":{"self":[{"href":"https:\/\/ciriecstat.com\/en\/wp-json\/wp\/v2\/pages\/22842","targetHints":{"allow":["GET"]}}],"collection":[{"href":"https:\/\/ciriecstat.com\/en\/wp-json\/wp\/v2\/pages"}],"about":[{"href":"https:\/\/ciriecstat.com\/en\/wp-json\/wp\/v2\/types\/page"}],"author":[{"embeddable":true,"href":"https:\/\/ciriecstat.com\/en\/wp-json\/wp\/v2\/users\/4"}],"replies":[{"embeddable":true,"href":"https:\/\/ciriecstat.com\/en\/wp-json\/wp\/v2\/comments?post=22842"}],"version-history":[{"count":1,"href":"https:\/\/ciriecstat.com\/en\/wp-json\/wp\/v2\/pages\/22842\/revisions"}],"predecessor-version":[{"id":22843,"href":"https:\/\/ciriecstat.com\/en\/wp-json\/wp\/v2\/pages\/22842\/revisions\/22843"}],"up":[{"embeddable":true,"href":"https:\/\/ciriecstat.com\/en\/wp-json\/wp\/v2\/pages\/222"}],"wp:attachment":[{"href":"https:\/\/ciriecstat.com\/en\/wp-json\/wp\/v2\/media?parent=22842"}],"curies":[{"name":"wp","href":"https:\/\/api.w.org\/{rel}","templated":true}]}}