{"id":22848,"date":"2022-11-02T15:14:49","date_gmt":"2022-11-02T14:14:49","guid":{"rendered":"https:\/\/ciriecstat.com\/?page_id=22848"},"modified":"2024-06-26T15:35:39","modified_gmt":"2024-06-26T13:35:39","slug":"felipe-hernandez-perlines","status":"publish","type":"page","link":"https:\/\/ciriecstat.com\/en\/proyecto\/equipo-humano\/felipe-hernandez-perlines\/","title":{"rendered":"Felipe Hern\u00e1ndez Perlines"},"content":{"rendered":"<p><img decoding=\"async\" class=\"equipo-single\" src=\"https:\/\/ciriecstat.com\/wp-content\/uploads\/equipo_f-hernandez.jpg\" alt=\"Felipe Hern\u00e1ndez Perlines\" \/><strong>Felipe Hern\u00e1ndez Perlines<\/strong> es Catedr\u00e1tico de Organizaci\u00f3n de Empresas de la Universidad de Castilla-La Mancha. Sus principales l\u00edneas de investigaci\u00f3n se centran en la econom\u00eda social, la empresa familiar, el turismo, la competitividad y la responsabilidad social. Ha publicado m\u00e1s de 80 art\u00edculos en revistas de indexadas en JCR y SJR. Es miembro de los Comit\u00e9s Cient\u00edficos de diversas revistas nacionales e internacionales. Miembro del Consejo de Redacci\u00f3n de la Revista de CIRIEC-Espa\u00f1a, Miembro de Comit\u00e9\u2002 Cient\u00edfico de la Revista European Journal of Family Business y de la Revista de Investigaciones I+D. Miembro del Consejo Cient\u00edfico y Asesor del Portal Estad\u00edstico de la Econom\u00eda Social CIRIECSTAT, del Consejo de Direcci\u00f3n del CIRIEC-Espa\u00f1a,  de la Comisi\u00f3n de Cooperativas y otras Empresas de la Econom\u00eda Social de la AECA, del Consejo Regional de Econom\u00eda Social de Castilla-La Mancha y del grupo de trabajo de la Declaraci\u00f3n de Toledo como capital Europea de la Econom\u00eda Social 2020. Editor Asociado de la European Research on Management and Business Economics. <\/p>\n<p>Ha dirigido 11 tesis doctorales calificadas con Sobresaliente CUM LAUDE. Ha participado en m\u00e1s de 170 congresos nacionales e internacionales de investigaci\u00f3n, siendo miembro de las Comisiones Cient\u00edficas de m\u00e1s de una quincena de ellos. Ha presidido el Comit\u00e9 Organizador del XVII Congreso Internacional de Investigadores en Econom\u00eda Social y Cooperativa y de las XXXI Jornadas Hispano-Lusas de Gesti\u00f3n Cient\u00edfica, ambos celebrados en Toledo. Ha recibido 12 premios internacionales de investigaci\u00f3n por sus trabajos y 2 de docencia. Ha sido incluido en el ranking del 2% de los mejores cient\u00edficos del mundo en su edici\u00f3n de 2022 realizada por John P.A. Ioannidis, y publicado por la Universidad de Stanford (California, EEUU) en las categor\u00edas de Business &#038; Management, Environmental Sciences y Economics &#038; Business. Ha sido Director General de Pol\u00edtica Cient\u00edfica de la Junta de Comunidades de Castilla-La Mancha, director de la C\u00e1tedra de Estudios Cooperativos \u201cFundaci\u00f3n Caja Rural de Castilla-La Mancha-UCLM\u201d y del Aula \u201cManuel D\u00edaz\u201d de la C\u00e1tedra de la Empresa Familiar de la Universidad de Castilla-La Mancha.<\/p>","protected":false},"excerpt":{"rendered":"<p>Felipe Hern\u00e1ndez Perlines es Catedr\u00e1tico de Organizaci\u00f3n de Empresas de la Universidad de Castilla-La Mancha. Sus principales l\u00edneas de investigaci\u00f3n se centran en la econom\u00eda social, la empresa familiar, el turismo, la competitividad y la responsabilidad social. Ha publicado m\u00e1s de 80 art\u00edculos en revistas de indexadas en JCR y SJR. Es miembro de los<\/p>","protected":false},"author":4,"featured_media":0,"parent":222,"menu_order":0,"comment_status":"closed","ping_status":"closed","template":"","meta":{"_acf_changed":false,"_monsterinsights_skip_tracking":false,"_monsterinsights_sitenote_active":false,"_monsterinsights_sitenote_note":"","_monsterinsights_sitenote_category":0,"site-sidebar-layout":"default","site-content-layout":"default","ast-site-content-layout":"default","site-content-style":"default","site-sidebar-style":"default","ast-global-header-display":"","ast-banner-title-visibility":"","ast-main-header-display":"","ast-hfb-above-header-display":"","ast-hfb-below-header-display":"","ast-hfb-mobile-header-display":"","site-post-title":"","ast-breadcrumbs-content":"","ast-featured-img":"","footer-sml-layout":"","ast-disable-related-posts":"","theme-transparent-header-meta":"default","adv-header-id-meta":"","stick-header-meta":"","header-above-stick-meta":"","header-main-stick-meta":"","header-below-stick-meta":"","astra-migrate-meta-layouts":"set","ast-page-background-enabled":"default","ast-page-background-meta":{"desktop":{"background-color":"var(--ast-global-color-4)","background-image":"","background-repeat":"repeat","background-position":"center center","background-size":"auto","background-attachment":"scroll","background-type":"","background-media":"","overlay-type":"","overlay-color":"","overlay-opacity":"","overlay-gradient":""},"tablet":{"background-color":"","background-image":"","background-repeat":"repeat","background-position":"center center","background-size":"auto","background-attachment":"scroll","background-type":"","background-media":"","overlay-type":"","overlay-color":"","overlay-opacity":"","overlay-gradient":""},"mobile":{"background-color":"","background-image":"","background-repeat":"repeat","background-position":"center center","background-size":"auto","background-attachment":"scroll","background-type":"","background-media":"","overlay-type":"","overlay-color":"","overlay-opacity":"","overlay-gradient":""}},"ast-content-background-meta":{"desktop":{"background-color":"var(--ast-global-color-5)","background-image":"","background-repeat":"repeat","background-position":"center center","background-size":"auto","background-attachment":"scroll","background-type":"","background-media":"","overlay-type":"","overlay-color":"","overlay-opacity":"","overlay-gradient":""},"tablet":{"background-color":"var(--ast-global-color-5)","background-image":"","background-repeat":"repeat","background-position":"center center","background-size":"auto","background-attachment":"scroll","background-type":"","background-media":"","overlay-type":"","overlay-color":"","overlay-opacity":"","overlay-gradient":""},"mobile":{"background-color":"var(--ast-global-color-5)","background-image":"","background-repeat":"repeat","background-position":"center center","background-size":"auto","background-attachment":"scroll","background-type":"","background-media":"","overlay-type":"","overlay-color":"","overlay-opacity":"","overlay-gradient":""}},"footnotes":""},"class_list":["post-22848","page","type-page","status-publish","hentry"],"acf":[],"_links":{"self":[{"href":"https:\/\/ciriecstat.com\/en\/wp-json\/wp\/v2\/pages\/22848","targetHints":{"allow":["GET"]}}],"collection":[{"href":"https:\/\/ciriecstat.com\/en\/wp-json\/wp\/v2\/pages"}],"about":[{"href":"https:\/\/ciriecstat.com\/en\/wp-json\/wp\/v2\/types\/page"}],"author":[{"embeddable":true,"href":"https:\/\/ciriecstat.com\/en\/wp-json\/wp\/v2\/users\/4"}],"replies":[{"embeddable":true,"href":"https:\/\/ciriecstat.com\/en\/wp-json\/wp\/v2\/comments?post=22848"}],"version-history":[{"count":1,"href":"https:\/\/ciriecstat.com\/en\/wp-json\/wp\/v2\/pages\/22848\/revisions"}],"predecessor-version":[{"id":22849,"href":"https:\/\/ciriecstat.com\/en\/wp-json\/wp\/v2\/pages\/22848\/revisions\/22849"}],"up":[{"embeddable":true,"href":"https:\/\/ciriecstat.com\/en\/wp-json\/wp\/v2\/pages\/222"}],"wp:attachment":[{"href":"https:\/\/ciriecstat.com\/en\/wp-json\/wp\/v2\/media?parent=22848"}],"curies":[{"name":"wp","href":"https:\/\/api.w.org\/{rel}","templated":true}]}}