{"id":22859,"date":"2022-10-27T12:10:14","date_gmt":"2022-10-27T10:10:14","guid":{"rendered":"https:\/\/ciriecstat.com\/?page_id=22859"},"modified":"2024-06-26T15:35:39","modified_gmt":"2024-06-26T13:35:39","slug":"juan-francisco-julia-igual","status":"publish","type":"page","link":"https:\/\/ciriecstat.com\/en\/proyecto\/equipo-humano\/juan-francisco-julia-igual\/","title":{"rendered":"Juan Francisco Juli\u00e1 Igual"},"content":{"rendered":"<p><img decoding=\"async\" class=\"equipo-single\" src=\"https:\/\/ciriecstat.com\/wp-content\/uploads\/equipo_jf-julia.jpg\" alt=\"Juan Francisco Juli\u00e1 Igual\" \/><strong> Juan Francisco Juli\u00e1 Igual <\/strong> es Catedr\u00e1tico de Universidad en el \u00e1rea de econom\u00eda agraria en la Universidad Polit\u00e9cnica de Valencia, de la que fue Rector desde 2005 al 2013, y Vicepresidente de la Conferencia de Rectores de Universidades Espa\u00f1olas desde 2010 al 2013. Ha dirigido la C\u00e1tedra de empresa de CAJAMAR \u2013UPV de Econom\u00eda Social desde 2014 al 2018. Ha sido consultor externo ( technical writers ) de la FAO y vicepresidente y consejero de la compa\u00f1\u00eda  agroindustrial AGRICONSA. Es editor asociado de la Revista CIRIEC-Espa\u00f1a y director adjunto de la Revista Espa\u00f1ola de Estudios Agrosociales. Presidente desde 2003 de la Red Espa\u00f1ola Interuniversitaria de Institutos y Centros de Investigaci\u00f3n en Econom\u00eda Social (Redenuies) y actualmente es Director del Centro de Investigaci\u00f3n en Gesti\u00f3n de Empresas ( CEGEA) de la Universitat Polit\u00e8cnica Val\u00e8ncia.<\/p>","protected":false},"excerpt":{"rendered":"<p>Juan Francisco Juli\u00e1 Igual es Catedr\u00e1tico de Universidad en el \u00e1rea de econom\u00eda agraria en la Universidad Polit\u00e9cnica de Valencia, de la que fue Rector desde 2005 al 2013, y Vicepresidente de la Conferencia de Rectores de Universidades Espa\u00f1olas desde 2010 al 2013. Ha dirigido la C\u00e1tedra de empresa de CAJAMAR \u2013UPV de Econom\u00eda Social<\/p>","protected":false},"author":4,"featured_media":0,"parent":222,"menu_order":0,"comment_status":"closed","ping_status":"closed","template":"","meta":{"_acf_changed":false,"_monsterinsights_skip_tracking":false,"_monsterinsights_sitenote_active":false,"_monsterinsights_sitenote_note":"","_monsterinsights_sitenote_category":0,"site-sidebar-layout":"default","site-content-layout":"default","ast-site-content-layout":"default","site-content-style":"default","site-sidebar-style":"default","ast-global-header-display":"","ast-banner-title-visibility":"","ast-main-header-display":"","ast-hfb-above-header-display":"","ast-hfb-below-header-display":"","ast-hfb-mobile-header-display":"","site-post-title":"","ast-breadcrumbs-content":"","ast-featured-img":"","footer-sml-layout":"","ast-disable-related-posts":"","theme-transparent-header-meta":"default","adv-header-id-meta":"","stick-header-meta":"","header-above-stick-meta":"","header-main-stick-meta":"","header-below-stick-meta":"","astra-migrate-meta-layouts":"set","ast-page-background-enabled":"default","ast-page-background-meta":{"desktop":{"background-color":"var(--ast-global-color-4)","background-image":"","background-repeat":"repeat","background-position":"center center","background-size":"auto","background-attachment":"scroll","background-type":"","background-media":"","overlay-type":"","overlay-color":"","overlay-opacity":"","overlay-gradient":""},"tablet":{"background-color":"","background-image":"","background-repeat":"repeat","background-position":"center center","background-size":"auto","background-attachment":"scroll","background-type":"","background-media":"","overlay-type":"","overlay-color":"","overlay-opacity":"","overlay-gradient":""},"mobile":{"background-color":"","background-image":"","background-repeat":"repeat","background-position":"center center","background-size":"auto","background-attachment":"scroll","background-type":"","background-media":"","overlay-type":"","overlay-color":"","overlay-opacity":"","overlay-gradient":""}},"ast-content-background-meta":{"desktop":{"background-color":"var(--ast-global-color-5)","background-image":"","background-repeat":"repeat","background-position":"center center","background-size":"auto","background-attachment":"scroll","background-type":"","background-media":"","overlay-type":"","overlay-color":"","overlay-opacity":"","overlay-gradient":""},"tablet":{"background-color":"var(--ast-global-color-5)","background-image":"","background-repeat":"repeat","background-position":"center center","background-size":"auto","background-attachment":"scroll","background-type":"","background-media":"","overlay-type":"","overlay-color":"","overlay-opacity":"","overlay-gradient":""},"mobile":{"background-color":"var(--ast-global-color-5)","background-image":"","background-repeat":"repeat","background-position":"center center","background-size":"auto","background-attachment":"scroll","background-type":"","background-media":"","overlay-type":"","overlay-color":"","overlay-opacity":"","overlay-gradient":""}},"footnotes":""},"class_list":["post-22859","page","type-page","status-publish","hentry"],"acf":[],"_links":{"self":[{"href":"https:\/\/ciriecstat.com\/en\/wp-json\/wp\/v2\/pages\/22859","targetHints":{"allow":["GET"]}}],"collection":[{"href":"https:\/\/ciriecstat.com\/en\/wp-json\/wp\/v2\/pages"}],"about":[{"href":"https:\/\/ciriecstat.com\/en\/wp-json\/wp\/v2\/types\/page"}],"author":[{"embeddable":true,"href":"https:\/\/ciriecstat.com\/en\/wp-json\/wp\/v2\/users\/4"}],"replies":[{"embeddable":true,"href":"https:\/\/ciriecstat.com\/en\/wp-json\/wp\/v2\/comments?post=22859"}],"version-history":[{"count":1,"href":"https:\/\/ciriecstat.com\/en\/wp-json\/wp\/v2\/pages\/22859\/revisions"}],"predecessor-version":[{"id":22860,"href":"https:\/\/ciriecstat.com\/en\/wp-json\/wp\/v2\/pages\/22859\/revisions\/22860"}],"up":[{"embeddable":true,"href":"https:\/\/ciriecstat.com\/en\/wp-json\/wp\/v2\/pages\/222"}],"wp:attachment":[{"href":"https:\/\/ciriecstat.com\/en\/wp-json\/wp\/v2\/media?parent=22859"}],"curies":[{"name":"wp","href":"https:\/\/api.w.org\/{rel}","templated":true}]}}