{"id":22862,"date":"2022-10-27T12:11:02","date_gmt":"2022-10-27T10:11:02","guid":{"rendered":"https:\/\/ciriecstat.com\/?page_id=22862"},"modified":"2024-06-26T15:35:39","modified_gmt":"2024-06-26T13:35:39","slug":"maite-cancelo","status":"publish","type":"page","link":"https:\/\/ciriecstat.com\/en\/proyecto\/equipo-humano\/maite-cancelo\/","title":{"rendered":"Maite Cancelo"},"content":{"rendered":"<p><img decoding=\"async\" class=\"equipo-single\" src=\"https:\/\/ciriecstat.com\/wp-content\/uploads\/equipo_m-cancelo.jpg\" alt=\"Maite Cancelo\" \/><strong> Maite Cancelo <\/strong> es Doctora en Ciencias Econ\u00f3micas por la Universidad de Santiago de Compostela. Profesora titular de Econom\u00eda Aplicada. Directora del Centro de Estudios Cooperativos de Galicia (CECOOP), vocal en el Consejo de Direcci\u00f3n y Comisi\u00f3n Ejecutiva de CIRIEC-Espa\u00f1a y vocal en el Consejo del Instituto Gallego de Estad\u00edstica. Fue Vicedecana y Decana de la Facultad de CC. EE y EE de la USC y vicepresidenta de la Conferencia de Decanos de Econom\u00eda y Empresa. Fue directora del Centro Europeo de Empresa e Innovaci\u00f3n de Galicia S.A. (BIC Galicia). Codirectora del Libro Blanco de la ES en Galicia en el a\u00f1o 2019, y de los informes 2020, 2021 y 2022 Tambi\u00e9n coordina al equipo gallego que participa en la elaboraci\u00f3n del Libro Blanco de la Econom\u00eda Social en Espa\u00f1a de CIRIEC-Espa\u00f1a.<br \/>\nOrcid: <a href=\"https:\/\/orcid.org\/0000-0002-8705-1833\" target=\"_blank\" rel=\"noopener\">https:\/\/orcid.org\/0000-0002-8705-1833<\/a><\/p>","protected":false},"excerpt":{"rendered":"<p>Maite Cancelo es Doctora en Ciencias Econ\u00f3micas por la Universidad de Santiago de Compostela. Profesora titular de Econom\u00eda Aplicada. Directora del Centro de Estudios Cooperativos de Galicia (CECOOP), vocal en el Consejo de Direcci\u00f3n y Comisi\u00f3n Ejecutiva de CIRIEC-Espa\u00f1a y vocal en el Consejo del Instituto Gallego de Estad\u00edstica. Fue Vicedecana y Decana de la<\/p>","protected":false},"author":4,"featured_media":0,"parent":222,"menu_order":0,"comment_status":"closed","ping_status":"closed","template":"","meta":{"_acf_changed":false,"_monsterinsights_skip_tracking":false,"_monsterinsights_sitenote_active":false,"_monsterinsights_sitenote_note":"","_monsterinsights_sitenote_category":0,"site-sidebar-layout":"default","site-content-layout":"default","ast-site-content-layout":"default","site-content-style":"default","site-sidebar-style":"default","ast-global-header-display":"","ast-banner-title-visibility":"","ast-main-header-display":"","ast-hfb-above-header-display":"","ast-hfb-below-header-display":"","ast-hfb-mobile-header-display":"","site-post-title":"","ast-breadcrumbs-content":"","ast-featured-img":"","footer-sml-layout":"","ast-disable-related-posts":"","theme-transparent-header-meta":"default","adv-header-id-meta":"","stick-header-meta":"","header-above-stick-meta":"","header-main-stick-meta":"","header-below-stick-meta":"","astra-migrate-meta-layouts":"set","ast-page-background-enabled":"default","ast-page-background-meta":{"desktop":{"background-color":"var(--ast-global-color-4)","background-image":"","background-repeat":"repeat","background-position":"center center","background-size":"auto","background-attachment":"scroll","background-type":"","background-media":"","overlay-type":"","overlay-color":"","overlay-opacity":"","overlay-gradient":""},"tablet":{"background-color":"","background-image":"","background-repeat":"repeat","background-position":"center center","background-size":"auto","background-attachment":"scroll","background-type":"","background-media":"","overlay-type":"","overlay-color":"","overlay-opacity":"","overlay-gradient":""},"mobile":{"background-color":"","background-image":"","background-repeat":"repeat","background-position":"center center","background-size":"auto","background-attachment":"scroll","background-type":"","background-media":"","overlay-type":"","overlay-color":"","overlay-opacity":"","overlay-gradient":""}},"ast-content-background-meta":{"desktop":{"background-color":"var(--ast-global-color-5)","background-image":"","background-repeat":"repeat","background-position":"center center","background-size":"auto","background-attachment":"scroll","background-type":"","background-media":"","overlay-type":"","overlay-color":"","overlay-opacity":"","overlay-gradient":""},"tablet":{"background-color":"var(--ast-global-color-5)","background-image":"","background-repeat":"repeat","background-position":"center center","background-size":"auto","background-attachment":"scroll","background-type":"","background-media":"","overlay-type":"","overlay-color":"","overlay-opacity":"","overlay-gradient":""},"mobile":{"background-color":"var(--ast-global-color-5)","background-image":"","background-repeat":"repeat","background-position":"center center","background-size":"auto","background-attachment":"scroll","background-type":"","background-media":"","overlay-type":"","overlay-color":"","overlay-opacity":"","overlay-gradient":""}},"footnotes":""},"class_list":["post-22862","page","type-page","status-publish","hentry"],"acf":[],"_links":{"self":[{"href":"https:\/\/ciriecstat.com\/en\/wp-json\/wp\/v2\/pages\/22862","targetHints":{"allow":["GET"]}}],"collection":[{"href":"https:\/\/ciriecstat.com\/en\/wp-json\/wp\/v2\/pages"}],"about":[{"href":"https:\/\/ciriecstat.com\/en\/wp-json\/wp\/v2\/types\/page"}],"author":[{"embeddable":true,"href":"https:\/\/ciriecstat.com\/en\/wp-json\/wp\/v2\/users\/4"}],"replies":[{"embeddable":true,"href":"https:\/\/ciriecstat.com\/en\/wp-json\/wp\/v2\/comments?post=22862"}],"version-history":[{"count":1,"href":"https:\/\/ciriecstat.com\/en\/wp-json\/wp\/v2\/pages\/22862\/revisions"}],"predecessor-version":[{"id":22863,"href":"https:\/\/ciriecstat.com\/en\/wp-json\/wp\/v2\/pages\/22862\/revisions\/22863"}],"up":[{"embeddable":true,"href":"https:\/\/ciriecstat.com\/en\/wp-json\/wp\/v2\/pages\/222"}],"wp:attachment":[{"href":"https:\/\/ciriecstat.com\/en\/wp-json\/wp\/v2\/media?parent=22862"}],"curies":[{"name":"wp","href":"https:\/\/api.w.org\/{rel}","templated":true}]}}