{"id":22865,"date":"2022-10-28T11:59:29","date_gmt":"2022-10-28T09:59:29","guid":{"rendered":"https:\/\/ciriecstat.com\/?page_id=22865"},"modified":"2024-06-26T15:35:39","modified_gmt":"2024-06-26T13:35:39","slug":"narciso-arcas-lario","status":"publish","type":"page","link":"https:\/\/ciriecstat.com\/en\/proyecto\/equipo-humano\/narciso-arcas-lario\/","title":{"rendered":"Narciso Arcas Lario"},"content":{"rendered":"<p><img decoding=\"async\" class=\"equipo-single\" src=\"https:\/\/ciriecstat.com\/wp-content\/uploads\/equipo_n-arcas.jpg\" alt=\"Narciso Arcas Lario\" \/><strong> Narciso Arcas Lario<\/strong> es Ingeniero Agr\u00f3nomo por la Universidad Polit\u00e9cnica de Valencia y Doctor en Ciencias Econ\u00f3micas y Empresariales por la Universidad de Murcia. En la actualidad es Catedr\u00e1tico de Universidad y director de la C\u00e1tedra Cajamar de Cooperativismo Agroalimentario en la Universidad Polit\u00e9cnica de Cartagena (UPCT). Asimismo, es miembro de la Comisi\u00f3n Cient\u00edfica del CIRIEC\u2010Espa\u00f1a y de la Comisi\u00f3n de Cooperativismo y Econom\u00eda Social de la AECA. Entre sus principales l\u00edneas de investigaci\u00f3n figura la econom\u00eda social, habiendo participado en numerosos proyectos de investigaci\u00f3n y publicaciones cient\u00edficas, actividad que le ha permitido obtener 4 tramos de investigaci\u00f3n y uno de transferencia. Ha sido merecedor de diversas distinciones en el \u00e1mbito empresarial y acad\u00e9mico, entre las que figura la insignia de oro de la Federaci\u00f3n de Cooperativas Agrarias de la Regi\u00f3n de Murcia y el premio al Profesor de Referencia del Espacio Europeo de Educaci\u00f3n Superior otorgado por la UPCT.<\/p>","protected":false},"excerpt":{"rendered":"<p>Narciso Arcas Lario es Ingeniero Agr\u00f3nomo por la Universidad Polit\u00e9cnica de Valencia y Doctor en Ciencias Econ\u00f3micas y Empresariales por la Universidad de Murcia. En la actualidad es Catedr\u00e1tico de Universidad y director de la C\u00e1tedra Cajamar de Cooperativismo Agroalimentario en la Universidad Polit\u00e9cnica de Cartagena (UPCT). Asimismo, es miembro de la Comisi\u00f3n Cient\u00edfica del<\/p>","protected":false},"author":4,"featured_media":0,"parent":222,"menu_order":0,"comment_status":"closed","ping_status":"closed","template":"","meta":{"_acf_changed":false,"_monsterinsights_skip_tracking":false,"_monsterinsights_sitenote_active":false,"_monsterinsights_sitenote_note":"","_monsterinsights_sitenote_category":0,"site-sidebar-layout":"default","site-content-layout":"default","ast-site-content-layout":"default","site-content-style":"default","site-sidebar-style":"default","ast-global-header-display":"","ast-banner-title-visibility":"","ast-main-header-display":"","ast-hfb-above-header-display":"","ast-hfb-below-header-display":"","ast-hfb-mobile-header-display":"","site-post-title":"","ast-breadcrumbs-content":"","ast-featured-img":"","footer-sml-layout":"","ast-disable-related-posts":"","theme-transparent-header-meta":"default","adv-header-id-meta":"","stick-header-meta":"","header-above-stick-meta":"","header-main-stick-meta":"","header-below-stick-meta":"","astra-migrate-meta-layouts":"set","ast-page-background-enabled":"default","ast-page-background-meta":{"desktop":{"background-color":"var(--ast-global-color-4)","background-image":"","background-repeat":"repeat","background-position":"center center","background-size":"auto","background-attachment":"scroll","background-type":"","background-media":"","overlay-type":"","overlay-color":"","overlay-opacity":"","overlay-gradient":""},"tablet":{"background-color":"","background-image":"","background-repeat":"repeat","background-position":"center center","background-size":"auto","background-attachment":"scroll","background-type":"","background-media":"","overlay-type":"","overlay-color":"","overlay-opacity":"","overlay-gradient":""},"mobile":{"background-color":"","background-image":"","background-repeat":"repeat","background-position":"center center","background-size":"auto","background-attachment":"scroll","background-type":"","background-media":"","overlay-type":"","overlay-color":"","overlay-opacity":"","overlay-gradient":""}},"ast-content-background-meta":{"desktop":{"background-color":"var(--ast-global-color-5)","background-image":"","background-repeat":"repeat","background-position":"center center","background-size":"auto","background-attachment":"scroll","background-type":"","background-media":"","overlay-type":"","overlay-color":"","overlay-opacity":"","overlay-gradient":""},"tablet":{"background-color":"var(--ast-global-color-5)","background-image":"","background-repeat":"repeat","background-position":"center center","background-size":"auto","background-attachment":"scroll","background-type":"","background-media":"","overlay-type":"","overlay-color":"","overlay-opacity":"","overlay-gradient":""},"mobile":{"background-color":"var(--ast-global-color-5)","background-image":"","background-repeat":"repeat","background-position":"center center","background-size":"auto","background-attachment":"scroll","background-type":"","background-media":"","overlay-type":"","overlay-color":"","overlay-opacity":"","overlay-gradient":""}},"footnotes":""},"class_list":["post-22865","page","type-page","status-publish","hentry"],"acf":[],"_links":{"self":[{"href":"https:\/\/ciriecstat.com\/en\/wp-json\/wp\/v2\/pages\/22865","targetHints":{"allow":["GET"]}}],"collection":[{"href":"https:\/\/ciriecstat.com\/en\/wp-json\/wp\/v2\/pages"}],"about":[{"href":"https:\/\/ciriecstat.com\/en\/wp-json\/wp\/v2\/types\/page"}],"author":[{"embeddable":true,"href":"https:\/\/ciriecstat.com\/en\/wp-json\/wp\/v2\/users\/4"}],"replies":[{"embeddable":true,"href":"https:\/\/ciriecstat.com\/en\/wp-json\/wp\/v2\/comments?post=22865"}],"version-history":[{"count":1,"href":"https:\/\/ciriecstat.com\/en\/wp-json\/wp\/v2\/pages\/22865\/revisions"}],"predecessor-version":[{"id":22866,"href":"https:\/\/ciriecstat.com\/en\/wp-json\/wp\/v2\/pages\/22865\/revisions\/22866"}],"up":[{"embeddable":true,"href":"https:\/\/ciriecstat.com\/en\/wp-json\/wp\/v2\/pages\/222"}],"wp:attachment":[{"href":"https:\/\/ciriecstat.com\/en\/wp-json\/wp\/v2\/media?parent=22865"}],"curies":[{"name":"wp","href":"https:\/\/api.w.org\/{rel}","templated":true}]}}